{"id":11,"date":"2017-10-18T10:37:30","date_gmt":"2017-10-18T08:37:30","guid":{"rendered":"http:\/\/juraferien.pietra.ch\/?page_id=11"},"modified":"2019-01-11T16:15:56","modified_gmt":"2019-01-11T15:15:56","slug":"blog","status":"publish","type":"page","link":"https:\/\/juraferien.ch\/?page_id=11","title":{"rendered":"Allerlei"},"content":{"rendered":"\n<h2 class=\"wp-block-heading\">Von den Bergen, zu den H\u00fcgeln&#8230;<\/h2>\n\n\n<p><a href=\"https:\/\/www.doubs.travel\/\" target=\"_blank\" rel=\"noopener\">&#8222;Pr\u00e9parez vos vacances, r\u00eavez !&#8220;<\/a> (hier ein bisschen richtiger &#8222;Tourismus&#8220; des D\u00e9p. du Doubs)<\/p>\n<figure id=\"attachment_143\" aria-describedby=\"caption-attachment-143\" style=\"width: 368px\" class=\"wp-caption alignnone\"><img loading=\"lazy\" decoding=\"async\" class=\"size-full wp-image-143\" src=\"https:\/\/juraferien.ch\/wp-content\/uploads\/2017\/10\/kanu.jpg\" alt=\"\" width=\"368\" height=\"276\" srcset=\"https:\/\/juraferien.ch\/wp-content\/uploads\/2017\/10\/kanu.jpg 368w, https:\/\/juraferien.ch\/wp-content\/uploads\/2017\/10\/kanu-300x225.jpg 300w\" sizes=\"auto, (max-width: 368px) 100vw, 368px\" \/><figcaption id=\"caption-attachment-143\" class=\"wp-caption-text\">romantische Flussl\u00e4ufe: Doubs, Dessoubre, &#8230;<\/figcaption><\/figure>\n<figure id=\"attachment_144\" aria-describedby=\"caption-attachment-144\" style=\"width: 525px\" class=\"wp-caption alignnone\"><img loading=\"lazy\" decoding=\"async\" class=\"size-large wp-image-144\" src=\"https:\/\/juraferien.ch\/wp-content\/uploads\/2017\/10\/Ferien_Franz_Jura_Juli2002-080-1024x768.jpg\" alt=\"\" width=\"525\" height=\"394\" srcset=\"https:\/\/juraferien.ch\/wp-content\/uploads\/2017\/10\/Ferien_Franz_Jura_Juli2002-080.jpg 1024w, https:\/\/juraferien.ch\/wp-content\/uploads\/2017\/10\/Ferien_Franz_Jura_Juli2002-080-300x225.jpg 300w, https:\/\/juraferien.ch\/wp-content\/uploads\/2017\/10\/Ferien_Franz_Jura_Juli2002-080-768x576.jpg 768w\" sizes=\"auto, (max-width: 525px) 100vw, 525px\" \/><figcaption id=\"caption-attachment-144\" class=\"wp-caption-text\">Biken im Doubs-Gebiet: eine Zeitreise !<\/figcaption><\/figure>\n<figure id=\"attachment_145\" aria-describedby=\"caption-attachment-145\" style=\"width: 368px\" class=\"wp-caption alignnone\"><img loading=\"lazy\" decoding=\"async\" class=\"size-full wp-image-145\" src=\"https:\/\/juraferien.ch\/wp-content\/uploads\/2017\/10\/Ferien_Franz_Jura_Juli2002-053.jpg\" alt=\"\" width=\"368\" height=\"276\" srcset=\"https:\/\/juraferien.ch\/wp-content\/uploads\/2017\/10\/Ferien_Franz_Jura_Juli2002-053.jpg 368w, https:\/\/juraferien.ch\/wp-content\/uploads\/2017\/10\/Ferien_Franz_Jura_Juli2002-053-300x225.jpg 300w\" sizes=\"auto, (max-width: 368px) 100vw, 368px\" \/><figcaption id=\"caption-attachment-145\" class=\"wp-caption-text\">Ja, Zeitreise !<\/figcaption><\/figure>\n<figure id=\"attachment_135\" aria-describedby=\"caption-attachment-135\" style=\"width: 533px\" class=\"wp-caption alignnone\"><img loading=\"lazy\" decoding=\"async\" class=\"size-full wp-image-135\" src=\"https:\/\/juraferien.ch\/wp-content\/uploads\/2017\/10\/k\u00e4s-004a.jpg\" alt=\"\" width=\"533\" height=\"401\" srcset=\"https:\/\/juraferien.ch\/wp-content\/uploads\/2017\/10\/k\u00e4s-004a.jpg 533w, https:\/\/juraferien.ch\/wp-content\/uploads\/2017\/10\/k\u00e4s-004a-300x226.jpg 300w\" sizes=\"auto, (max-width: 533px) 100vw, 533px\" \/><figcaption id=\"caption-attachment-135\" class=\"wp-caption-text\">les derni\u00e8res fromages produits \u00e0 la ferme&#8230;<\/figcaption><\/figure>\n\n\n<h2 class=\"wp-block-heading\"><strong>weil sich hier so gut wandern l\u00e4sst &#8211; ein Wanderlied..  <\/strong>   (J.W.Goethe)<\/h2>\n\n\n\n<p>Von dem Berge zu den H\u00fcgeln,\n      <br> Niederab das Tal entlang,\n      <br> Da erklingt es wie von Fl\u00fcgeln,\n      <br> Da bewegt sichs wie Gesang;\n      <br> Und dem unbedingten Triebe\n      <br> Folget Freude, folget Rat;\n      <br> Und dein Streben, seis in Liebe,\n      <br> Und dein Leben sei die Tat.<\/p>\n\n\n\n<p>Denn die Bande sind zerrissen,\n      <br> Das Vertrauen ist verletzt;\n      <br> Kann ich sagen, kann ich wissen,\n      <br> Welchem Zufall ausgesetzt\n      <br> Ich nun scheiden, ich nun wandern,\n      <br> Wie die Witwe trauervoll,\n      <br> Statt dem einen, mit dem andern\n      <br> Fort und fort mich wenden soll!<\/p>\n\n\n\n<p>Bleibe nicht am Boden heften,\n      <br> Frisch gewagt und frisch hinaus!\n      <br> Kopf und Arm mit heitern Kr\u00e4ften,\n      <br> \u00dcberall sind sie zu Haus;\n      <br> Wo wir uns der Sonne freuen,\n      <br> Sind wir jede Sorge los;\n      <br> Da\u00df wir uns in ihr zerstreuen,\n      <br> Darum ist die Welt so gro\u00df.<\/p>\n\n\n\n<p>Doch was hei\u00dft in solchen Stunden\n      <br> Sich im Fernen umzuschaun?\n      <br> Wer ein heimisch Gl\u00fcck gefunden,\n      <br> Warum sucht ers dort im Blaun?\n      <br> Gl\u00fccklich, wer bei uns geblieben,\n      <br> In der Treue sich gef\u00e4llt!\n      <br> Wo wir trinken, wo wir lieben,\n      <br> Da ist reiche, freie Welt.<\/p>\n\n\n\n<p><\/p>\n","protected":false},"excerpt":{"rendered":"<p>Von den Bergen, zu den H\u00fcgeln&#8230; &#8222;Pr\u00e9parez vos vacances, r\u00eavez !&#8220; (hier ein bisschen richtiger &#8222;Tourismus&#8220; des D\u00e9p. du Doubs) weil sich hier so gut wandern l\u00e4sst &#8211; ein Wanderlied.. (J.W.Goethe) Von dem Berge zu den H\u00fcgeln, Niederab das Tal entlang, Da erklingt es wie von Fl\u00fcgeln, Da bewegt sichs wie Gesang; Und dem unbedingten &hellip; <\/p>\n<p class=\"link-more\"><a href=\"https:\/\/juraferien.ch\/?page_id=11\" class=\"more-link\"><span class=\"screen-reader-text\">\u201eAllerlei\u201c<\/span> weiterlesen<\/a><\/p>\n","protected":false},"author":1,"featured_media":259,"parent":0,"menu_order":11,"comment_status":"closed","ping_status":"closed","template":"","meta":{"_monsterinsights_skip_tracking":false,"_monsterinsights_sitenote_active":false,"_monsterinsights_sitenote_note":"","_monsterinsights_sitenote_category":0,"footnotes":""},"class_list":["post-11","page","type-page","status-publish","has-post-thumbnail","hentry"],"_links":{"self":[{"href":"https:\/\/juraferien.ch\/index.php?rest_route=\/wp\/v2\/pages\/11","targetHints":{"allow":["GET"]}}],"collection":[{"href":"https:\/\/juraferien.ch\/index.php?rest_route=\/wp\/v2\/pages"}],"about":[{"href":"https:\/\/juraferien.ch\/index.php?rest_route=\/wp\/v2\/types\/page"}],"author":[{"embeddable":true,"href":"https:\/\/juraferien.ch\/index.php?rest_route=\/wp\/v2\/users\/1"}],"replies":[{"embeddable":true,"href":"https:\/\/juraferien.ch\/index.php?rest_route=%2Fwp%2Fv2%2Fcomments&post=11"}],"version-history":[{"count":10,"href":"https:\/\/juraferien.ch\/index.php?rest_route=\/wp\/v2\/pages\/11\/revisions"}],"predecessor-version":[{"id":715,"href":"https:\/\/juraferien.ch\/index.php?rest_route=\/wp\/v2\/pages\/11\/revisions\/715"}],"wp:featuredmedia":[{"embeddable":true,"href":"https:\/\/juraferien.ch\/index.php?rest_route=\/wp\/v2\/media\/259"}],"wp:attachment":[{"href":"https:\/\/juraferien.ch\/index.php?rest_route=%2Fwp%2Fv2%2Fmedia&parent=11"}],"curies":[{"name":"wp","href":"https:\/\/api.w.org\/{rel}","templated":true}]}}