{"id":1526,"date":"2021-09-10T11:07:33","date_gmt":"2021-09-10T09:07:33","guid":{"rendered":"https:\/\/www.juraferien.ch\/?page_id=1526"},"modified":"2023-02-19T12:33:46","modified_gmt":"2023-02-19T11:33:46","slug":"la-taverne-rouge","status":"publish","type":"page","link":"https:\/\/juraferien.ch\/?page_id=1526","title":{"rendered":"Pagoda"},"content":{"rendered":"\n<p>Ein eigenwilliges Bauwerk: Holzst\u00e4nderbau mit Kreuzgibel, Grundriss 22 qm auf zwei Ebenen, von alten Eichen umgeben, etwas abseits in der Parzelle &#8222;Cul des Plaines&#8220; gelegen. <\/p>\n\n\n\n<p>In der kalten Jahreszeit wird das (gut ged\u00e4mmte) Haus &#8211; wie alle Unterk\u00fcnfte &#8211; mit einem leistungsstarken Schwedenofen geheizt. Es verf\u00fcgt \u00fcber eine K\u00fcchenecke mit Gasherd u. Backofen. Wasseranschluss im Haus. Toilettenh\u00e4uschen daneben. Duschen: Solardusche. <\/p>\n\n\n\n<p>Platz genug bis 6 Personen, auch hier kann mit Zelten nach au\u00dfen erweitert werden. <\/p>\n\n\n\n<figure class=\"wp-block-image size-large\"><img loading=\"lazy\" decoding=\"async\" width=\"1024\" height=\"768\" src=\"https:\/\/www.juraferien.ch\/wp-content\/uploads\/2021\/09\/IMG_20210921_161255-1024x768.jpg\" alt=\"\" class=\"wp-image-1592\" srcset=\"https:\/\/juraferien.ch\/wp-content\/uploads\/2021\/09\/IMG_20210921_161255-1024x768.jpg 1024w, https:\/\/juraferien.ch\/wp-content\/uploads\/2021\/09\/IMG_20210921_161255-300x225.jpg 300w, https:\/\/juraferien.ch\/wp-content\/uploads\/2021\/09\/IMG_20210921_161255-768x576.jpg 768w, https:\/\/juraferien.ch\/wp-content\/uploads\/2021\/09\/IMG_20210921_161255-1536x1152.jpg 1536w, https:\/\/juraferien.ch\/wp-content\/uploads\/2021\/09\/IMG_20210921_161255-2048x1536.jpg 2048w\" sizes=\"auto, (max-width: 767px) 89vw, (max-width: 1000px) 54vw, (max-width: 1071px) 543px, 580px\" \/><figcaption class=\"wp-element-caption\">Baujahr 2021 <\/figcaption><\/figure>\n\n\n\n<figure class=\"wp-block-image size-large\"><img loading=\"lazy\" decoding=\"async\" width=\"1024\" height=\"768\" src=\"https:\/\/www.juraferien.ch\/wp-content\/uploads\/2021\/09\/IMG_20210921_161418-1024x768.jpg\" alt=\"\" class=\"wp-image-1601\" srcset=\"https:\/\/juraferien.ch\/wp-content\/uploads\/2021\/09\/IMG_20210921_161418-1024x768.jpg 1024w, https:\/\/juraferien.ch\/wp-content\/uploads\/2021\/09\/IMG_20210921_161418-300x225.jpg 300w, https:\/\/juraferien.ch\/wp-content\/uploads\/2021\/09\/IMG_20210921_161418-768x576.jpg 768w, https:\/\/juraferien.ch\/wp-content\/uploads\/2021\/09\/IMG_20210921_161418-1536x1152.jpg 1536w, https:\/\/juraferien.ch\/wp-content\/uploads\/2021\/09\/IMG_20210921_161418-2048x1536.jpg 2048w\" sizes=\"auto, (max-width: 767px) 89vw, (max-width: 1000px) 54vw, (max-width: 1071px) 543px, 580px\" \/><figcaption class=\"wp-element-caption\">nicht nur praktisch und &#8222;naturnah&#8220; &#8211; auch sch\u00f6n und gem\u00fctlich soll so eine Eremitage sein<\/figcaption><\/figure>\n\n\n\n<figure class=\"wp-block-image size-large\"><img loading=\"lazy\" decoding=\"async\" width=\"768\" height=\"1024\" src=\"https:\/\/www.juraferien.ch\/wp-content\/uploads\/2021\/09\/IMG_20210906_190656-768x1024.jpg\" alt=\"\" class=\"wp-image-1538\" srcset=\"https:\/\/juraferien.ch\/wp-content\/uploads\/2021\/09\/IMG_20210906_190656-768x1024.jpg 768w, https:\/\/juraferien.ch\/wp-content\/uploads\/2021\/09\/IMG_20210906_190656-225x300.jpg 225w, https:\/\/juraferien.ch\/wp-content\/uploads\/2021\/09\/IMG_20210906_190656-1152x1536.jpg 1152w, https:\/\/juraferien.ch\/wp-content\/uploads\/2021\/09\/IMG_20210906_190656-1536x2048.jpg 1536w, https:\/\/juraferien.ch\/wp-content\/uploads\/2021\/09\/IMG_20210906_190656-scaled.jpg 1920w\" sizes=\"auto, (max-width: 767px) 89vw, (max-width: 1000px) 54vw, (max-width: 1071px) 543px, 580px\" \/><figcaption class=\"wp-element-caption\">obere Ebene, Schlafbereich<\/figcaption><\/figure>\n\n\n\n<figure class=\"wp-block-image size-large\"><img loading=\"lazy\" decoding=\"async\" width=\"1024\" height=\"768\" src=\"https:\/\/www.juraferien.ch\/wp-content\/uploads\/2021\/09\/IMG_20210921_161044-1024x768.jpg\" alt=\"\" class=\"wp-image-1596\" srcset=\"https:\/\/juraferien.ch\/wp-content\/uploads\/2021\/09\/IMG_20210921_161044-1024x768.jpg 1024w, https:\/\/juraferien.ch\/wp-content\/uploads\/2021\/09\/IMG_20210921_161044-300x225.jpg 300w, https:\/\/juraferien.ch\/wp-content\/uploads\/2021\/09\/IMG_20210921_161044-768x576.jpg 768w, https:\/\/juraferien.ch\/wp-content\/uploads\/2021\/09\/IMG_20210921_161044-1536x1152.jpg 1536w, https:\/\/juraferien.ch\/wp-content\/uploads\/2021\/09\/IMG_20210921_161044-2048x1536.jpg 2048w\" sizes=\"auto, (max-width: 767px) 89vw, (max-width: 1000px) 54vw, (max-width: 1071px) 543px, 580px\" \/><figcaption class=\"wp-element-caption\">ein Refugium! <\/figcaption><\/figure>\n\n\n\n<figure class=\"wp-block-image size-large is-style-rounded\"><img loading=\"lazy\" decoding=\"async\" width=\"768\" height=\"1024\" src=\"https:\/\/www.juraferien.ch\/wp-content\/uploads\/2021\/09\/IMG_20210906_190518-768x1024.jpg\" alt=\"\" class=\"wp-image-1546\" srcset=\"https:\/\/juraferien.ch\/wp-content\/uploads\/2021\/09\/IMG_20210906_190518-768x1024.jpg 768w, https:\/\/juraferien.ch\/wp-content\/uploads\/2021\/09\/IMG_20210906_190518-225x300.jpg 225w, https:\/\/juraferien.ch\/wp-content\/uploads\/2021\/09\/IMG_20210906_190518-1152x1536.jpg 1152w, https:\/\/juraferien.ch\/wp-content\/uploads\/2021\/09\/IMG_20210906_190518-1536x2048.jpg 1536w, https:\/\/juraferien.ch\/wp-content\/uploads\/2021\/09\/IMG_20210906_190518-scaled.jpg 1920w\" sizes=\"auto, (max-width: 767px) 89vw, (max-width: 1000px) 54vw, (max-width: 1071px) 543px, 580px\" \/><figcaption class=\"wp-element-caption\">Pagoda &#8211; : ein Sakralbau?  &#8211;  W i e  soll man blo\u00df dem langweiligen Leben entfliehen? <\/figcaption><\/figure>\n\n\n\n<figure class=\"wp-block-image size-large\"><img loading=\"lazy\" decoding=\"async\" width=\"768\" height=\"1024\" src=\"https:\/\/www.juraferien.ch\/wp-content\/uploads\/2021\/09\/IMG_20210921_161650-768x1024.jpg\" alt=\"\" class=\"wp-image-1606\" srcset=\"https:\/\/juraferien.ch\/wp-content\/uploads\/2021\/09\/IMG_20210921_161650-768x1024.jpg 768w, https:\/\/juraferien.ch\/wp-content\/uploads\/2021\/09\/IMG_20210921_161650-225x300.jpg 225w, https:\/\/juraferien.ch\/wp-content\/uploads\/2021\/09\/IMG_20210921_161650-1152x1536.jpg 1152w, https:\/\/juraferien.ch\/wp-content\/uploads\/2021\/09\/IMG_20210921_161650-1536x2048.jpg 1536w, https:\/\/juraferien.ch\/wp-content\/uploads\/2021\/09\/IMG_20210921_161650-scaled.jpg 1920w\" sizes=\"auto, (max-width: 767px) 89vw, (max-width: 1000px) 54vw, (max-width: 1071px) 543px, 580px\" \/><figcaption class=\"wp-element-caption\">Blick nach S\u00fcden <\/figcaption><\/figure>\n\n\n\n<figure class=\"wp-block-image size-large\"><img loading=\"lazy\" decoding=\"async\" width=\"768\" height=\"1024\" src=\"https:\/\/www.juraferien.ch\/wp-content\/uploads\/2021\/09\/IMG_20210922_092733-768x1024.jpg\" alt=\"\" class=\"wp-image-1622\" srcset=\"https:\/\/juraferien.ch\/wp-content\/uploads\/2021\/09\/IMG_20210922_092733-768x1024.jpg 768w, https:\/\/juraferien.ch\/wp-content\/uploads\/2021\/09\/IMG_20210922_092733-225x300.jpg 225w, https:\/\/juraferien.ch\/wp-content\/uploads\/2021\/09\/IMG_20210922_092733-1152x1536.jpg 1152w, https:\/\/juraferien.ch\/wp-content\/uploads\/2021\/09\/IMG_20210922_092733-1536x2048.jpg 1536w, https:\/\/juraferien.ch\/wp-content\/uploads\/2021\/09\/IMG_20210922_092733-scaled.jpg 1920w\" sizes=\"auto, (max-width: 767px) 89vw, (max-width: 1000px) 54vw, (max-width: 1071px) 543px, 580px\" \/><figcaption class=\"wp-element-caption\">Der &#8222;Prozess&#8220;..  was aus einer Idee werden will\/kann&#8230;<\/figcaption><\/figure>\n\n\n\n<figure class=\"wp-block-image size-large\"><img loading=\"lazy\" decoding=\"async\" width=\"768\" height=\"1024\" src=\"https:\/\/www.juraferien.ch\/wp-content\/uploads\/2021\/09\/IMG_20210922_090805-1-768x1024.jpg\" alt=\"\" class=\"wp-image-1624\" srcset=\"https:\/\/juraferien.ch\/wp-content\/uploads\/2021\/09\/IMG_20210922_090805-1-768x1024.jpg 768w, https:\/\/juraferien.ch\/wp-content\/uploads\/2021\/09\/IMG_20210922_090805-1-225x300.jpg 225w, https:\/\/juraferien.ch\/wp-content\/uploads\/2021\/09\/IMG_20210922_090805-1-1152x1536.jpg 1152w, https:\/\/juraferien.ch\/wp-content\/uploads\/2021\/09\/IMG_20210922_090805-1-1536x2048.jpg 1536w, https:\/\/juraferien.ch\/wp-content\/uploads\/2021\/09\/IMG_20210922_090805-1-scaled.jpg 1920w\" sizes=\"auto, (max-width: 767px) 89vw, (max-width: 1000px) 54vw, (max-width: 1071px) 543px, 580px\" \/><figcaption class=\"wp-element-caption\">&#8230;Skizzen, Pl\u00e4ne? wie wird hier eigentlich gebaut? <\/figcaption><\/figure>\n\n\n\n<figure class=\"wp-block-image size-large\"><img loading=\"lazy\" decoding=\"async\" width=\"1024\" height=\"768\" src=\"https:\/\/www.juraferien.ch\/wp-content\/uploads\/2021\/09\/IMG_20210921_092621-1024x768.jpg\" alt=\"\" class=\"wp-image-1626\" srcset=\"https:\/\/juraferien.ch\/wp-content\/uploads\/2021\/09\/IMG_20210921_092621-1024x768.jpg 1024w, https:\/\/juraferien.ch\/wp-content\/uploads\/2021\/09\/IMG_20210921_092621-300x225.jpg 300w, https:\/\/juraferien.ch\/wp-content\/uploads\/2021\/09\/IMG_20210921_092621-768x576.jpg 768w, https:\/\/juraferien.ch\/wp-content\/uploads\/2021\/09\/IMG_20210921_092621-1536x1152.jpg 1536w, https:\/\/juraferien.ch\/wp-content\/uploads\/2021\/09\/IMG_20210921_092621-2048x1536.jpg 2048w\" sizes=\"auto, (max-width: 767px) 89vw, (max-width: 1000px) 54vw, (max-width: 1071px) 543px, 580px\" \/><figcaption class=\"wp-element-caption\">Materialbeschaffung, Messen, S\u00e4gen, Schrauben, Montieren&#8230; der Weg ist das Ziel.. <\/figcaption><\/figure>\n\n\n\n<figure class=\"wp-block-image size-large\"><img loading=\"lazy\" decoding=\"async\" width=\"1024\" height=\"1024\" src=\"https:\/\/www.juraferien.ch\/wp-content\/uploads\/2021\/10\/IMG_20211018_202841_415-1024x1024.jpg\" alt=\"\" class=\"wp-image-1634\" srcset=\"https:\/\/juraferien.ch\/wp-content\/uploads\/2021\/10\/IMG_20211018_202841_415-1024x1024.jpg 1024w, https:\/\/juraferien.ch\/wp-content\/uploads\/2021\/10\/IMG_20211018_202841_415-300x300.jpg 300w, https:\/\/juraferien.ch\/wp-content\/uploads\/2021\/10\/IMG_20211018_202841_415-150x150.jpg 150w, https:\/\/juraferien.ch\/wp-content\/uploads\/2021\/10\/IMG_20211018_202841_415-768x768.jpg 768w, https:\/\/juraferien.ch\/wp-content\/uploads\/2021\/10\/IMG_20211018_202841_415-100x100.jpg 100w, https:\/\/juraferien.ch\/wp-content\/uploads\/2021\/10\/IMG_20211018_202841_415.jpg 1280w\" sizes=\"auto, (max-width: 767px) 89vw, (max-width: 1000px) 54vw, (max-width: 1071px) 543px, 580px\" \/><figcaption class=\"wp-element-caption\">Die Pagode steht etwas abseits, von Eichen beschattet. <\/figcaption><\/figure>\n","protected":false},"excerpt":{"rendered":"<p>Ein eigenwilliges Bauwerk: Holzst\u00e4nderbau mit Kreuzgibel, Grundriss 22 qm auf zwei Ebenen, von alten Eichen umgeben, etwas abseits in der Parzelle &#8222;Cul des Plaines&#8220; gelegen. In der kalten Jahreszeit wird das (gut ged\u00e4mmte) Haus &#8211; wie alle Unterk\u00fcnfte &#8211; mit einem leistungsstarken Schwedenofen geheizt. Es verf\u00fcgt \u00fcber eine K\u00fcchenecke mit Gasherd u. Backofen. Wasseranschluss im &hellip; <\/p>\n<p class=\"link-more\"><a href=\"https:\/\/juraferien.ch\/?page_id=1526\" class=\"more-link\"><span class=\"screen-reader-text\">\u201ePagoda\u201c<\/span> weiterlesen<\/a><\/p>\n","protected":false},"author":1,"featured_media":0,"parent":0,"menu_order":0,"comment_status":"closed","ping_status":"closed","template":"","meta":{"_monsterinsights_skip_tracking":false,"_monsterinsights_sitenote_active":false,"_monsterinsights_sitenote_note":"","_monsterinsights_sitenote_category":0,"footnotes":""},"class_list":["post-1526","page","type-page","status-publish","hentry"],"_links":{"self":[{"href":"https:\/\/juraferien.ch\/index.php?rest_route=\/wp\/v2\/pages\/1526","targetHints":{"allow":["GET"]}}],"collection":[{"href":"https:\/\/juraferien.ch\/index.php?rest_route=\/wp\/v2\/pages"}],"about":[{"href":"https:\/\/juraferien.ch\/index.php?rest_route=\/wp\/v2\/types\/page"}],"author":[{"embeddable":true,"href":"https:\/\/juraferien.ch\/index.php?rest_route=\/wp\/v2\/users\/1"}],"replies":[{"embeddable":true,"href":"https:\/\/juraferien.ch\/index.php?rest_route=%2Fwp%2Fv2%2Fcomments&post=1526"}],"version-history":[{"count":44,"href":"https:\/\/juraferien.ch\/index.php?rest_route=\/wp\/v2\/pages\/1526\/revisions"}],"predecessor-version":[{"id":1828,"href":"https:\/\/juraferien.ch\/index.php?rest_route=\/wp\/v2\/pages\/1526\/revisions\/1828"}],"wp:attachment":[{"href":"https:\/\/juraferien.ch\/index.php?rest_route=%2Fwp%2Fv2%2Fmedia&parent=1526"}],"curies":[{"name":"wp","href":"https:\/\/api.w.org\/{rel}","templated":true}]}}