{"id":193,"date":"2017-10-21T19:44:03","date_gmt":"2017-10-21T17:44:03","guid":{"rendered":"http:\/\/juraferien.pietra.ch\/?page_id=193"},"modified":"2023-10-21T11:15:30","modified_gmt":"2023-10-21T09:15:30","slug":"kukelhaus","status":"publish","type":"page","link":"https:\/\/juraferien.ch\/?page_id=193","title":{"rendered":"K\u00fckelhaus"},"content":{"rendered":"\n<p>Den K\u00fcnstlerbr\u00fcdern Hermann und Hugo K\u00fckelhaus gewidmet, liegt das gem\u00fctliche Holzhaus im S\u00fcden des Hofes, ganz im gr\u00fcnen Bereich. Neu umgestaltet und erweitert stehen jetzt 3 unabh\u00e4ngige Hausteile mit&nbsp; eigener K\u00fcche, Bad und je 2 Schlafzimmern zur Verf\u00fcgung.  Geheizt wird wie \u00fcberall mit Schweden\u00f6fen (Kamin-\/Holz\u00f6fen).<\/p>\n\n\n\n<p>Draussen gibt&#8217;s Sitzpl\u00e4tze und Feuerstellen. <\/p>\n\n\n\n<p>Die drei Wohnbereiche k\u00f6nnen bei Bedarf &#8211; wie beim Atelierhaus &#8211; untereinander kombiniert werden.<\/p>\n\n\n\n<figure class=\"wp-block-image size-large\"><img loading=\"lazy\" decoding=\"async\" width=\"1024\" height=\"768\" src=\"https:\/\/juraferien.ch\/wp-content\/uploads\/2023\/09\/IMG_20230907_140751-1024x768.jpg\" alt=\"\" class=\"wp-image-1887\" srcset=\"https:\/\/juraferien.ch\/wp-content\/uploads\/2023\/09\/IMG_20230907_140751-1024x768.jpg 1024w, https:\/\/juraferien.ch\/wp-content\/uploads\/2023\/09\/IMG_20230907_140751-300x225.jpg 300w, https:\/\/juraferien.ch\/wp-content\/uploads\/2023\/09\/IMG_20230907_140751-768x576.jpg 768w, https:\/\/juraferien.ch\/wp-content\/uploads\/2023\/09\/IMG_20230907_140751-1536x1152.jpg 1536w, https:\/\/juraferien.ch\/wp-content\/uploads\/2023\/09\/IMG_20230907_140751-2048x1536.jpg 2048w\" sizes=\"auto, (max-width: 767px) 89vw, (max-width: 1000px) 54vw, (max-width: 1071px) 543px, 580px\" \/><figcaption class=\"wp-element-caption\">K\u00fckelhaus, Ansicht von S\u00fcden<\/figcaption><\/figure>\n\n\n\n<figure class=\"wp-block-image size-large\"><img loading=\"lazy\" decoding=\"async\" width=\"1024\" height=\"768\" src=\"https:\/\/juraferien.ch\/wp-content\/uploads\/2023\/09\/IMG_20230907_141222-1024x768.jpg\" alt=\"\" class=\"wp-image-1876\" srcset=\"https:\/\/juraferien.ch\/wp-content\/uploads\/2023\/09\/IMG_20230907_141222-1024x768.jpg 1024w, https:\/\/juraferien.ch\/wp-content\/uploads\/2023\/09\/IMG_20230907_141222-300x225.jpg 300w, https:\/\/juraferien.ch\/wp-content\/uploads\/2023\/09\/IMG_20230907_141222-768x576.jpg 768w, https:\/\/juraferien.ch\/wp-content\/uploads\/2023\/09\/IMG_20230907_141222-1536x1152.jpg 1536w, https:\/\/juraferien.ch\/wp-content\/uploads\/2023\/09\/IMG_20230907_141222-2048x1536.jpg 2048w\" sizes=\"auto, (max-width: 767px) 89vw, (max-width: 1000px) 54vw, (max-width: 1071px) 543px, 580px\" \/><figcaption class=\"wp-element-caption\">Ostseite, Wohnbereich<\/figcaption><\/figure>\n\n\n\n<figure class=\"wp-block-image size-large\"><img loading=\"lazy\" decoding=\"async\" width=\"1024\" height=\"768\" src=\"https:\/\/juraferien.ch\/wp-content\/uploads\/2023\/09\/IMG_20230907_141141-1024x768.jpg\" alt=\"\" class=\"wp-image-1877\" srcset=\"https:\/\/juraferien.ch\/wp-content\/uploads\/2023\/09\/IMG_20230907_141141-1024x768.jpg 1024w, https:\/\/juraferien.ch\/wp-content\/uploads\/2023\/09\/IMG_20230907_141141-300x225.jpg 300w, https:\/\/juraferien.ch\/wp-content\/uploads\/2023\/09\/IMG_20230907_141141-768x576.jpg 768w, https:\/\/juraferien.ch\/wp-content\/uploads\/2023\/09\/IMG_20230907_141141-1536x1152.jpg 1536w, https:\/\/juraferien.ch\/wp-content\/uploads\/2023\/09\/IMG_20230907_141141-2048x1536.jpg 2048w\" sizes=\"auto, (max-width: 767px) 89vw, (max-width: 1000px) 54vw, (max-width: 1071px) 543px, 580px\" \/><figcaption class=\"wp-element-caption\">Oberes Stockwerk, Mittelbau, 2 Doppelbetten + Einzelbett<\/figcaption><\/figure>\n\n\n\n<figure class=\"wp-block-image size-large\"><img loading=\"lazy\" decoding=\"async\" width=\"1024\" height=\"768\" src=\"https:\/\/juraferien.ch\/wp-content\/uploads\/2023\/09\/IMG_20230907_140546-1024x768.jpg\" alt=\"\" class=\"wp-image-1897\" srcset=\"https:\/\/juraferien.ch\/wp-content\/uploads\/2023\/09\/IMG_20230907_140546-1024x768.jpg 1024w, https:\/\/juraferien.ch\/wp-content\/uploads\/2023\/09\/IMG_20230907_140546-300x225.jpg 300w, https:\/\/juraferien.ch\/wp-content\/uploads\/2023\/09\/IMG_20230907_140546-768x576.jpg 768w, https:\/\/juraferien.ch\/wp-content\/uploads\/2023\/09\/IMG_20230907_140546-1536x1152.jpg 1536w, https:\/\/juraferien.ch\/wp-content\/uploads\/2023\/09\/IMG_20230907_140546-2048x1536.jpg 2048w\" sizes=\"auto, (max-width: 767px) 89vw, (max-width: 1000px) 54vw, (max-width: 1071px) 543px, 580px\" \/><figcaption class=\"wp-element-caption\"><img decoding=\"async\" src=\"https:\/\/juraferien.ch\/wp-content\/uploads\/2023\/09\/IMG_20230907_140546-1024x768.jpg\" alt=\"\">Westseite, Bauzustand<\/figcaption><\/figure>\n\n\n\n<figure class=\"wp-block-image size-large\"><img loading=\"lazy\" decoding=\"async\" width=\"1024\" height=\"768\" src=\"https:\/\/juraferien.ch\/wp-content\/uploads\/2023\/09\/IMG_20230907_141558-1024x768.jpg\" alt=\"\" class=\"wp-image-1873\" srcset=\"https:\/\/juraferien.ch\/wp-content\/uploads\/2023\/09\/IMG_20230907_141558-1024x768.jpg 1024w, https:\/\/juraferien.ch\/wp-content\/uploads\/2023\/09\/IMG_20230907_141558-300x225.jpg 300w, https:\/\/juraferien.ch\/wp-content\/uploads\/2023\/09\/IMG_20230907_141558-768x576.jpg 768w, https:\/\/juraferien.ch\/wp-content\/uploads\/2023\/09\/IMG_20230907_141558-1536x1152.jpg 1536w, https:\/\/juraferien.ch\/wp-content\/uploads\/2023\/09\/IMG_20230907_141558-2048x1536.jpg 2048w\" sizes=\"auto, (max-width: 767px) 89vw, (max-width: 1000px) 54vw, (max-width: 1071px) 543px, 580px\" \/><figcaption class=\"wp-element-caption\">Ostseite, hier noch im Bauzustand<\/figcaption><\/figure>\n\n\n\n<figure class=\"wp-block-image size-large\"><img loading=\"lazy\" decoding=\"async\" width=\"1024\" height=\"768\" src=\"https:\/\/juraferien.ch\/wp-content\/uploads\/2023\/09\/IMG_20230907_140900-1024x768.jpg\" alt=\"\" class=\"wp-image-1884\" srcset=\"https:\/\/juraferien.ch\/wp-content\/uploads\/2023\/09\/IMG_20230907_140900-1024x768.jpg 1024w, https:\/\/juraferien.ch\/wp-content\/uploads\/2023\/09\/IMG_20230907_140900-300x225.jpg 300w, https:\/\/juraferien.ch\/wp-content\/uploads\/2023\/09\/IMG_20230907_140900-768x576.jpg 768w, https:\/\/juraferien.ch\/wp-content\/uploads\/2023\/09\/IMG_20230907_140900-1536x1152.jpg 1536w, https:\/\/juraferien.ch\/wp-content\/uploads\/2023\/09\/IMG_20230907_140900-2048x1536.jpg 2048w\" sizes=\"auto, (max-width: 767px) 89vw, (max-width: 1000px) 54vw, (max-width: 1071px) 543px, 580px\" \/><figcaption class=\"wp-element-caption\">Westseite, Wohnbereich, viel Raumh\u00f6he<\/figcaption><\/figure>\n\n\n\n<figure class=\"wp-block-image size-large\"><img loading=\"lazy\" decoding=\"async\" width=\"1024\" height=\"768\" src=\"https:\/\/juraferien.ch\/wp-content\/uploads\/2023\/09\/IMG_20230907_141005-1024x768.jpg\" alt=\"\" class=\"wp-image-1878\" srcset=\"https:\/\/juraferien.ch\/wp-content\/uploads\/2023\/09\/IMG_20230907_141005-1024x768.jpg 1024w, https:\/\/juraferien.ch\/wp-content\/uploads\/2023\/09\/IMG_20230907_141005-300x225.jpg 300w, https:\/\/juraferien.ch\/wp-content\/uploads\/2023\/09\/IMG_20230907_141005-768x576.jpg 768w, https:\/\/juraferien.ch\/wp-content\/uploads\/2023\/09\/IMG_20230907_141005-1536x1152.jpg 1536w, https:\/\/juraferien.ch\/wp-content\/uploads\/2023\/09\/IMG_20230907_141005-2048x1536.jpg 2048w\" sizes=\"auto, (max-width: 767px) 89vw, (max-width: 1000px) 54vw, (max-width: 1071px) 543px, 580px\" \/><figcaption class=\"wp-element-caption\">unteres Schlafzimmer des Westteiles <\/figcaption><\/figure>\n\n\n\n<figure class=\"wp-block-image size-large is-resized\"><img loading=\"lazy\" decoding=\"async\" width=\"1024\" height=\"768\" src=\"https:\/\/juraferien.ch\/wp-content\/uploads\/2023\/09\/IMG_20230907_141745-1024x768.jpg\" alt=\"\" class=\"wp-image-1871\" style=\"aspect-ratio:1.3333333333333333;width:674px;height:auto\" srcset=\"https:\/\/juraferien.ch\/wp-content\/uploads\/2023\/09\/IMG_20230907_141745-1024x768.jpg 1024w, https:\/\/juraferien.ch\/wp-content\/uploads\/2023\/09\/IMG_20230907_141745-300x225.jpg 300w, https:\/\/juraferien.ch\/wp-content\/uploads\/2023\/09\/IMG_20230907_141745-768x576.jpg 768w, https:\/\/juraferien.ch\/wp-content\/uploads\/2023\/09\/IMG_20230907_141745-1536x1152.jpg 1536w, https:\/\/juraferien.ch\/wp-content\/uploads\/2023\/09\/IMG_20230907_141745-2048x1536.jpg 2048w\" sizes=\"auto, (max-width: 767px) 89vw, (max-width: 1000px) 54vw, (max-width: 1071px) 543px, 580px\" \/><figcaption class=\"wp-element-caption\">S\u00fcdfront..<\/figcaption><\/figure>\n\n\n\n<figure class=\"wp-block-image size-large\"><img loading=\"lazy\" decoding=\"async\" width=\"768\" height=\"1024\" src=\"https:\/\/juraferien.ch\/wp-content\/uploads\/2023\/09\/IMG_20230907_140630-768x1024.jpg\" alt=\"\" class=\"wp-image-1895\" srcset=\"https:\/\/juraferien.ch\/wp-content\/uploads\/2023\/09\/IMG_20230907_140630-768x1024.jpg 768w, https:\/\/juraferien.ch\/wp-content\/uploads\/2023\/09\/IMG_20230907_140630-225x300.jpg 225w, https:\/\/juraferien.ch\/wp-content\/uploads\/2023\/09\/IMG_20230907_140630-1152x1536.jpg 1152w, https:\/\/juraferien.ch\/wp-content\/uploads\/2023\/09\/IMG_20230907_140630-1536x2048.jpg 1536w, https:\/\/juraferien.ch\/wp-content\/uploads\/2023\/09\/IMG_20230907_140630-scaled.jpg 1920w\" sizes=\"auto, (max-width: 767px) 89vw, (max-width: 1000px) 54vw, (max-width: 1071px) 543px, 580px\" \/><figcaption class=\"wp-element-caption\">S\u00fcdseite<\/figcaption><\/figure>\n\n\n\n<p>Wieso &#8222;K\u00fckelhaus&#8220; ?  Da gibt&#8217;s also einen <em>Hugo K\u00fckelhaus<\/em>:<\/p>\n\n\n\n<figure class=\"wp-block-image\"><img decoding=\"async\" src=\"https:\/\/hugo-kuekelhaus.de\/website\/images\/stories\/allgemeine\/leben.gif\" alt=\"\u00c4hnliches Foto\"\/><figcaption class=\"wp-element-caption\">Hugo K\u00fckelhaus, der \u00e4ltere Bruder von&#8230;.<\/figcaption><\/figure>\n\n\n\n<p>Hermann K\u00fckelhaus: <\/p>\n\n\n\n<figure class=\"wp-block-image\"><img decoding=\"async\" src=\"https:\/\/www.literaturport.de\/fileadmin\/user_upload\/zeitstimmen\/autoren\/1105.jpg\" alt=\"Hermann K\u00fckelhaus\"\/><figcaption class=\"wp-element-caption\">das war ein WORTGEWALTIGER : <\/figcaption><\/figure>\n\n\n\n<p><strong>Wir sind der Heimat fremde H\u00e4nde<\/strong>..<\/p>\n\n\n\n<p>..und tragen einen goldnen Stern<\/p>\n\n\n\n<p>hinaus in aller Welten Ende.<\/p>\n\n\n\n<p>Dort sind wir, wo wir ferner sind,<\/p>\n\n\n\n<p>und wo wir nie gewesen.<\/p>\n\n\n\n<p>Von wannen uns ein alter Wind<\/p>\n\n\n\n<p>erz\u00e4hlt, dass niemand hinnen findt&#8216; &#8211;<\/p>\n\n\n\n<p>dort sind wir schon gewesen<\/p>\n\n\n\n<p>dort, wo wir in der Heimat sind.<\/p>\n\n\n\n<p><\/p>\n\n\n\n<p>(aus seinen postum ver\u00f6ffentlichten Gedichten: &#8222;Ein Narr, der Held&#8220; Diogenes Verlag 1964)<\/p>\n\n\n\n<p>Zu diesem &#8211; fast vergessenen &#8211; Buch von Hermann K\u00fckelhaus gibt&#8217;s eine h\u00fcbsche Besprechung auf Google-Books, ja dort: <\/p>\n\n\n\n<p> <strong>Eine Rezension?<\/strong><\/p>\n\n\n\n<p> Unm\u00f6glich.. ja, unm\u00f6glich. Die Rezension  selber w\u00e4re &#8211; Poesie, ja zwingend: eine Metamorphose des  Verstorbenen,  des &#8211; Verstr\u00f6mten. <br>Die Gedichte und Briefe sind nicht &#8222;Literatur&#8220;,  sie spiegeln &#8211; mitten im m\u00f6rderischen Geschehen der (damaligen..) Ostfront, im  russischen Winter &#8211; die merkw\u00fcrdige unbeschwerte Todesn\u00e4he des jungen  Soldaten, zb.:<br>&#8222;Wir sind der Heimat fremde H\u00e4nde \/<br>und tragen einen goldnen Stern \/<br>hinaus in aller Welten Ende &#8230;  &#8222;<br>die  Gedichte sind Wirbel im Strom des konkreten Erlebens eines Menschen,  dessen Element der permanente Abschied vom irdischen &#8222;isolierten&#8220; Dasein  ist. Sozusagen trunken vom Wissen um den Beginn des wahren &#8222;Lebens&#8220;  nach dem Tod, steuern sie immer auf den Moment der &#8222;Enth\u00fcllung&#8220;. <br>Die Sprache wird &#8211; wie im &#8222;Monolog&#8220; von Novalis &#8211; zum Selbstzweck, das WORT ist das H\u00f6chste. <br>Die Briefe von H.K. geh\u00f6ren zum Wervollsten dieser Welt&#8230;  &nbsp; <\/p>\n","protected":false},"excerpt":{"rendered":"<p>Den K\u00fcnstlerbr\u00fcdern Hermann und Hugo K\u00fckelhaus gewidmet, liegt das gem\u00fctliche Holzhaus im S\u00fcden des Hofes, ganz im gr\u00fcnen Bereich. Neu umgestaltet und erweitert stehen jetzt 3 unabh\u00e4ngige Hausteile mit&nbsp; eigener K\u00fcche, Bad und je 2 Schlafzimmern zur Verf\u00fcgung. Geheizt wird wie \u00fcberall mit Schweden\u00f6fen (Kamin-\/Holz\u00f6fen). Draussen gibt&#8217;s Sitzpl\u00e4tze und Feuerstellen. Die drei Wohnbereiche k\u00f6nnen bei &hellip; <\/p>\n<p class=\"link-more\"><a href=\"https:\/\/juraferien.ch\/?page_id=193\" class=\"more-link\"><span class=\"screen-reader-text\">\u201eK\u00fckelhaus\u201c<\/span> weiterlesen<\/a><\/p>\n","protected":false},"author":1,"featured_media":55,"parent":8,"menu_order":0,"comment_status":"closed","ping_status":"closed","template":"","meta":{"_monsterinsights_skip_tracking":false,"_monsterinsights_sitenote_active":false,"_monsterinsights_sitenote_note":"","_monsterinsights_sitenote_category":0,"footnotes":""},"class_list":["post-193","page","type-page","status-publish","has-post-thumbnail","hentry"],"_links":{"self":[{"href":"https:\/\/juraferien.ch\/index.php?rest_route=\/wp\/v2\/pages\/193","targetHints":{"allow":["GET"]}}],"collection":[{"href":"https:\/\/juraferien.ch\/index.php?rest_route=\/wp\/v2\/pages"}],"about":[{"href":"https:\/\/juraferien.ch\/index.php?rest_route=\/wp\/v2\/types\/page"}],"author":[{"embeddable":true,"href":"https:\/\/juraferien.ch\/index.php?rest_route=\/wp\/v2\/users\/1"}],"replies":[{"embeddable":true,"href":"https:\/\/juraferien.ch\/index.php?rest_route=%2Fwp%2Fv2%2Fcomments&post=193"}],"version-history":[{"count":49,"href":"https:\/\/juraferien.ch\/index.php?rest_route=\/wp\/v2\/pages\/193\/revisions"}],"predecessor-version":[{"id":1916,"href":"https:\/\/juraferien.ch\/index.php?rest_route=\/wp\/v2\/pages\/193\/revisions\/1916"}],"up":[{"embeddable":true,"href":"https:\/\/juraferien.ch\/index.php?rest_route=\/wp\/v2\/pages\/8"}],"wp:featuredmedia":[{"embeddable":true,"href":"https:\/\/juraferien.ch\/index.php?rest_route=\/wp\/v2\/media\/55"}],"wp:attachment":[{"href":"https:\/\/juraferien.ch\/index.php?rest_route=%2Fwp%2Fv2%2Fmedia&parent=193"}],"curies":[{"name":"wp","href":"https:\/\/api.w.org\/{rel}","templated":true}]}}