{"id":197,"date":"2017-10-21T19:50:26","date_gmt":"2017-10-21T17:50:26","guid":{"rendered":"http:\/\/juraferien.pietra.ch\/?page_id=197"},"modified":"2022-02-05T13:48:26","modified_gmt":"2022-02-05T12:48:26","slug":"le-chatelard","status":"publish","type":"page","link":"https:\/\/juraferien.ch\/?page_id=197","title":{"rendered":"Le Chatelard"},"content":{"rendered":"\n<blockquote class=\"wp-block-quote is-layout-flow wp-block-quote-is-layout-flow\"><p><\/p><\/blockquote>\n\n\n<p>Eine alte &#8222;Ferme Comtoise&#8220;, Steinhaus mit zwei Stockwerken, insgesamt 6 Schlafzimmer mit Einzel- oder Doppelbetten.<\/p>\n<p>Die &#8222;Ferme de Ch\u00e2telard&#8220;, aus Ortsgestein erbaut, mit r\u00fcckw\u00e4rtigem Wirtschaftsteil, war fr\u00fcher eine eigene Hofstelle. Sie liegt \u00f6stlich, unterhalb des Hofes, inmitten Wiesen und Weiden. Ger\u00e4umiges Bauernhaus f\u00fcr ca. 15 Personen, geeignet f\u00fcr mehrere Familien, auch f\u00fcr Gruppen.<\/p>\n<p>Im Erdgeschoss grosse K\u00fcche mit Essplatz und Holzofen, Salon mit Holzofen, ebenfalls im Erdgeschoss noch ein Schlafzimmer f\u00fcr 3 Personen. Im Obergeschoss 5 Schlafr\u00e4ume mit je 2 bis 3 Schlafpl\u00e4tzen. Kleines WC erdgeschossig, Bad mit Dusche\/Wanne\/WC im OG. Aussen Pergola, verschiedene Sitzpl\u00e4tze, Feuerstelle. (Nat\u00fcrlich kann das Haus auch nach au\u00dfen mit Zelten, Wohnwagen etc. erweitert werden.)<\/p>\n<p>Im grossen Wohnraum steht nicht nur ein gem\u00fctlicher Schwedenofen, sondern auch: ein Klavier<\/p>\n<p><img loading=\"lazy\" decoding=\"async\" class=\"aligncenter wp-image-96\" src=\"https:\/\/juraferien.ch\/wp-content\/uploads\/2017\/10\/2007-chatelard-tuilerie-020a.jpg\" alt=\"\" width=\"640\" height=\"853\" srcset=\"https:\/\/juraferien.ch\/wp-content\/uploads\/2017\/10\/2007-chatelard-tuilerie-020a.jpg 480w, https:\/\/juraferien.ch\/wp-content\/uploads\/2017\/10\/2007-chatelard-tuilerie-020a-225x300.jpg 225w\" sizes=\"auto, (max-width: 640px) 100vw, 640px\" \/><\/p>\n<p><img loading=\"lazy\" decoding=\"async\" class=\"aligncenter wp-image-98 size-full\" style=\"font-size: 1rem;\" src=\"https:\/\/juraferien.ch\/wp-content\/uploads\/2017\/10\/2007-chatelard-tuilerie-014.jpg\" alt=\"\" width=\"640\" height=\"480\" srcset=\"https:\/\/juraferien.ch\/wp-content\/uploads\/2017\/10\/2007-chatelard-tuilerie-014.jpg 640w, https:\/\/juraferien.ch\/wp-content\/uploads\/2017\/10\/2007-chatelard-tuilerie-014-300x225.jpg 300w\" sizes=\"auto, (max-width: 640px) 100vw, 640px\" \/><\/p>\n<p><img loading=\"lazy\" decoding=\"async\" class=\"size-large wp-image-576 aligncenter\" src=\"https:\/\/juraferien.ch\/wp-content\/uploads\/2018\/08\/DSC_4015-1024x683.jpg\" alt=\"\" width=\"525\" height=\"350\"><\/p>\n<p><\/p>\n\n\n<figure class=\"wp-block-image\"><img loading=\"lazy\" decoding=\"async\" width=\"1024\" height=\"768\" src=\"https:\/\/juraferien.ch\/wp-content\/uploads\/2019\/01\/Unteres-Haus4-1024x768.jpg\" alt=\"\" class=\"wp-image-729\" srcset=\"https:\/\/juraferien.ch\/wp-content\/uploads\/2019\/01\/Unteres-Haus4-1024x768.jpg 1024w, https:\/\/juraferien.ch\/wp-content\/uploads\/2019\/01\/Unteres-Haus4-300x225.jpg 300w, https:\/\/juraferien.ch\/wp-content\/uploads\/2019\/01\/Unteres-Haus4-768x576.jpg 768w\" sizes=\"auto, (max-width: 767px) 89vw, (max-width: 1000px) 54vw, (max-width: 1071px) 543px, 580px\" \/><figcaption>La Ferme du Chatelard &#8211; Der Name stammt von einem Chateau auf dem nahegelegenen H\u00fcgel<\/figcaption><\/figure>\n\n\n\n<figure class=\"wp-block-image\"><img loading=\"lazy\" decoding=\"async\" width=\"1024\" height=\"768\" src=\"https:\/\/juraferien.ch\/wp-content\/uploads\/2019\/01\/Unteres-Haus-K\u00fcche1-1024x768.jpg\" alt=\"\" class=\"wp-image-730\" srcset=\"https:\/\/juraferien.ch\/wp-content\/uploads\/2019\/01\/Unteres-Haus-K\u00fcche1-1024x768.jpg 1024w, https:\/\/juraferien.ch\/wp-content\/uploads\/2019\/01\/Unteres-Haus-K\u00fcche1-300x225.jpg 300w, https:\/\/juraferien.ch\/wp-content\/uploads\/2019\/01\/Unteres-Haus-K\u00fcche1-768x576.jpg 768w\" sizes=\"auto, (max-width: 767px) 89vw, (max-width: 1000px) 54vw, (max-width: 1071px) 543px, 580px\" \/><figcaption>La grande Cuisine<\/figcaption><\/figure>\n\n\n\n<figure class=\"wp-block-image\"><img loading=\"lazy\" decoding=\"async\" width=\"768\" height=\"1024\" src=\"https:\/\/juraferien.ch\/wp-content\/uploads\/2019\/01\/Unteres-Haus-Bad1-768x1024.jpg\" alt=\"\" class=\"wp-image-732\" srcset=\"https:\/\/juraferien.ch\/wp-content\/uploads\/2019\/01\/Unteres-Haus-Bad1-768x1024.jpg 768w, https:\/\/juraferien.ch\/wp-content\/uploads\/2019\/01\/Unteres-Haus-Bad1-225x300.jpg 225w\" sizes=\"auto, (max-width: 767px) 89vw, (max-width: 1000px) 54vw, (max-width: 1071px) 543px, 580px\" \/><figcaption>Bad <\/figcaption><\/figure>\n\n\n\n<figure class=\"wp-block-image\"><img loading=\"lazy\" decoding=\"async\" width=\"1024\" height=\"768\" src=\"https:\/\/juraferien.ch\/wp-content\/uploads\/2019\/01\/Unteres-Haus_Zimmer1-1-1024x768.jpg\" alt=\"\" class=\"wp-image-736\" srcset=\"https:\/\/juraferien.ch\/wp-content\/uploads\/2019\/01\/Unteres-Haus_Zimmer1-1-1024x768.jpg 1024w, https:\/\/juraferien.ch\/wp-content\/uploads\/2019\/01\/Unteres-Haus_Zimmer1-1-300x225.jpg 300w, https:\/\/juraferien.ch\/wp-content\/uploads\/2019\/01\/Unteres-Haus_Zimmer1-1-768x576.jpg 768w\" sizes=\"auto, (max-width: 767px) 89vw, (max-width: 1000px) 54vw, (max-width: 1071px) 543px, 580px\" \/><figcaption>eines der Schlafzimmer im OG, Blick nach Westen<\/figcaption><\/figure>\n\n\n\n<figure class=\"wp-block-image\"><img loading=\"lazy\" decoding=\"async\" width=\"640\" height=\"480\" src=\"https:\/\/juraferien.ch\/wp-content\/uploads\/2017\/10\/2007-chatelard-tuilerie-014.jpg\" alt=\"\" class=\"wp-image-98\" srcset=\"https:\/\/juraferien.ch\/wp-content\/uploads\/2017\/10\/2007-chatelard-tuilerie-014.jpg 640w, https:\/\/juraferien.ch\/wp-content\/uploads\/2017\/10\/2007-chatelard-tuilerie-014-300x225.jpg 300w\" sizes=\"auto, (max-width: 640px) 100vw, 640px\" \/><figcaption>Schlafzimmer OG<\/figcaption><\/figure>\n","protected":false},"excerpt":{"rendered":"<p>Eine alte &#8222;Ferme Comtoise&#8220;, Steinhaus mit zwei Stockwerken, insgesamt 6 Schlafzimmer mit Einzel- oder Doppelbetten. Die &#8222;Ferme de Ch\u00e2telard&#8220;, aus Ortsgestein erbaut, mit r\u00fcckw\u00e4rtigem Wirtschaftsteil, war fr\u00fcher eine eigene Hofstelle. Sie liegt \u00f6stlich, unterhalb des Hofes, inmitten Wiesen und Weiden. Ger\u00e4umiges Bauernhaus f\u00fcr ca. 15 Personen, geeignet f\u00fcr mehrere Familien, auch f\u00fcr Gruppen. Im Erdgeschoss &hellip; <\/p>\n<p class=\"link-more\"><a href=\"https:\/\/juraferien.ch\/?page_id=197\" class=\"more-link\"><span class=\"screen-reader-text\">\u201eLe Chatelard\u201c<\/span> weiterlesen<\/a><\/p>\n","protected":false},"author":1,"featured_media":575,"parent":8,"menu_order":0,"comment_status":"closed","ping_status":"closed","template":"","meta":{"_monsterinsights_skip_tracking":false,"_monsterinsights_sitenote_active":false,"_monsterinsights_sitenote_note":"","_monsterinsights_sitenote_category":0,"footnotes":""},"class_list":["post-197","page","type-page","status-publish","has-post-thumbnail","hentry"],"_links":{"self":[{"href":"https:\/\/juraferien.ch\/index.php?rest_route=\/wp\/v2\/pages\/197","targetHints":{"allow":["GET"]}}],"collection":[{"href":"https:\/\/juraferien.ch\/index.php?rest_route=\/wp\/v2\/pages"}],"about":[{"href":"https:\/\/juraferien.ch\/index.php?rest_route=\/wp\/v2\/types\/page"}],"author":[{"embeddable":true,"href":"https:\/\/juraferien.ch\/index.php?rest_route=\/wp\/v2\/users\/1"}],"replies":[{"embeddable":true,"href":"https:\/\/juraferien.ch\/index.php?rest_route=%2Fwp%2Fv2%2Fcomments&post=197"}],"version-history":[{"count":25,"href":"https:\/\/juraferien.ch\/index.php?rest_route=\/wp\/v2\/pages\/197\/revisions"}],"predecessor-version":[{"id":1630,"href":"https:\/\/juraferien.ch\/index.php?rest_route=\/wp\/v2\/pages\/197\/revisions\/1630"}],"up":[{"embeddable":true,"href":"https:\/\/juraferien.ch\/index.php?rest_route=\/wp\/v2\/pages\/8"}],"wp:featuredmedia":[{"embeddable":true,"href":"https:\/\/juraferien.ch\/index.php?rest_route=\/wp\/v2\/media\/575"}],"wp:attachment":[{"href":"https:\/\/juraferien.ch\/index.php?rest_route=%2Fwp%2Fv2%2Fmedia&parent=197"}],"curies":[{"name":"wp","href":"https:\/\/api.w.org\/{rel}","templated":true}]}}