{"id":237,"date":"2017-10-22T12:08:15","date_gmt":"2017-10-22T10:08:15","guid":{"rendered":"http:\/\/juraferien.pietra.ch\/?page_id=237"},"modified":"2019-05-08T12:27:14","modified_gmt":"2019-05-08T10:27:14","slug":"anreise","status":"publish","type":"page","link":"https:\/\/juraferien.ch\/?page_id=237","title":{"rendered":"Anreise"},"content":{"rendered":"<p>Es gibt <a href=\"https:\/\/goo.gl\/maps\/XpNeRdDZnS92\" target=\"_blank\" rel=\"noopener\">verschiedene M\u00f6glichkeiten nach Kamo zu gelangen<\/a>. Von Freiburg i. Brsg. oder Basel aus (auch Bern, je nach Route)\u00a0 dauert die Fahrt 1.5 &#8211;\u00a0 2 Std.<\/p>\n<p>Die letzen Kilometer sind nicht so einfach zu finden &#8211; am besten schaut man sich den <a href=\"http:\/\/maps.google.fr\/maps?f=q&amp;source=s_q&amp;hl=de&amp;geocode=&amp;q=KAMO,+Sancey-le-Grand&amp;aq=0&amp;sll=46.75984,1.738281&amp;sspn=10.764022,22.302246&amp;ie=UTF8&amp;hq=KAMO,+Sancey-le-Grand&amp;hnear=&amp;z=6\" target=\"_blank\" rel=\"noopener\">Kartenausschnitt hier <\/a>an, um sich von der Lage des Ortes ein Bild zu machen.<\/p>\n<p>Wer mit dem Zug anreisen will, kann uns vorher wegen Organisation der Abholung vom n\u00e4chsten Bahnhof (L&#8217;Isle sur le Doubs, Valdahon) anschreiben.<\/p>\n<p>Einen Link auf einen <strong>gr\u00f6\u00dferen Kartenausschnitt<\/strong> (ING France) gibt&#8217;s <a href=\"https:\/\/www.geoportail.gouv.fr\/carte?c=7.078840492443815,47.43092023254212&amp;z=10&amp;l0=GEOGRAPHICALGRIDSYSTEMS.FRANCERASTER::GEOPORTAIL:OGC:WMTS(1)&amp;l1=GEOGRAPHICALGRIDSYSTEMS.MAPS::GEOPORTAIL:OGC:WMTS(1)&amp;l2=GEOGRAPHICALGRIDSYSTEMS.MAPS.SCAN25TOUR::GEOPORTAIL:OGC:WMTS(1)&amp;l3=GEOGRAPHICALGRIDSYSTEMS.CASSINI::GEOPORTAIL:OGC:WMTS(1)&amp;d4=1550897(1)&amp;l5=GEOGRAPHICALGRIDSYSTEMS.PLANIGN::GEOPORTAIL:OGC:WMTS(1)&amp;l6=CADASTRALPARCELS.PARCELS::GEOPORTAIL:OGC:WMTS(1)&amp;l7=ORTHOIMAGERY.ORTHOPHOTOS.1950-1965::GEOPORTAIL:OGC:WMTS(1)&amp;l8=ORTHOIMAGERY.ORTHOPHOTOS::GEOPORTAIL:OGC:WMTS(1)&amp;l9=GEOGRAPHICALGRIDSYSTEMS.ETATMAJOR40::GEOPORTAIL:OGC:WMTS(1)&amp;l10=GEOGRAPHICALGRIDSYSTEMS.MAPS.SCAN-EXPRESS.STANDARD::GEOPORTAIL:OGC:WMTS(1)&amp;permalink=yes\" target=\"_blank\" rel=\"noopener\">hier<\/a>.<\/p>\n<p>(Ausserdem hier noch ein praktischer Karten-Link , einfach im Browser oben eingeben:\u00a0 7GRP+8M Sancey )<\/p>\n<hr \/>\n<p><iframe loading=\"lazy\" style=\"border: 0;\" src=\"https:\/\/www.google.com\/maps\/embed?pb=!1m18!1m12!1m3!1d1806.165497028523!2d6.535516216894257!3d47.29107656471592!2m3!1f0!2f0!3f0!3m2!1i1024!2i768!4f13.1!3m3!1m2!1s0x0%3A0x9b87614c70483bab!2sKAMO!5e0!3m2!1sde!2sde!4v1534852554559\" width=\"600\" height=\"450\" frameborder=\"0\" allowfullscreen=\"allowfullscreen\"><\/iframe><\/p>\n<hr \/><hr \/>\n<p><img loading=\"lazy\" decoding=\"async\" class=\"wp-image-267 aligncenter\" src=\"https:\/\/juraferien.ch\/wp-content\/uploads\/2017\/10\/hele0907.gif\" alt=\"\" width=\"250\" height=\"237\" \/>Die Strecke von Basel nach Del\u00e9mont vor 7 Generationen:<\/p>\n<p>&#8222;&#8230;Durch den R\u00fccken einer hohen und breiten Gebirgskette hat die Birs, ein m\u00e4\u00dfiger Flu\u00df, sich einen Weg von uralters gesucht. Das Bed\u00fcrfnis mag nachher durch ihre Schluchten \u00e4ngstlich nachgeklettert sein. Die R\u00f6mer erweiterten schon den Weg, und nun ist er sehr bequem durchgef\u00fchrt. Das \u00fcber Felsst\u00fccke rauschende Wasser und der Weg gehen nebeneinander hin und machen an den meisten Orten die ganze Breite des Passes, der auf beiden Seiten von Felsen beschlossen ist, die ein gem\u00e4chlich aufgehobenes Auge fassen kann. Hinterw\u00e4rts heben Gebirge sanft ihre R\u00fccken, deren Gipfel uns vom Nebel bedeckt waren&#8230;..&#8220;<\/p>\n<p><a title=\"Brief an Charlotte von Stein\" href=\"http:\/\/fschuppisser.ch\/exewiki\/index.php?title=Brief_an_Charlotte_von_Stein\">(Brief an Charlotte von Stein<\/a> vom 3. Okt. 1779 aus M\u00fcnster\/Moutier)<\/p>\n<figure id=\"attachment_147\" aria-describedby=\"caption-attachment-147\" style=\"width: 525px\" class=\"wp-caption alignnone\"><img loading=\"lazy\" decoding=\"async\" class=\"size-large wp-image-147\" src=\"https:\/\/juraferien.ch\/wp-content\/uploads\/2017\/10\/Ferien_Franz_Jura_Juli2002-011-1024x768.jpg\" alt=\"\" width=\"525\" height=\"394\" srcset=\"https:\/\/juraferien.ch\/wp-content\/uploads\/2017\/10\/Ferien_Franz_Jura_Juli2002-011-1024x768.jpg 1024w, https:\/\/juraferien.ch\/wp-content\/uploads\/2017\/10\/Ferien_Franz_Jura_Juli2002-011-300x225.jpg 300w, https:\/\/juraferien.ch\/wp-content\/uploads\/2017\/10\/Ferien_Franz_Jura_Juli2002-011-768x576.jpg 768w\" sizes=\"auto, (max-width: 525px) 100vw, 525px\" \/><figcaption id=\"caption-attachment-147\" class=\"wp-caption-text\">J.W.Goethe: Man reiset nicht um anzukommen, man reiset um zu reisen&#8230;<\/figcaption><\/figure>\n\n\n<figure class=\"wp-block-image\"><img loading=\"lazy\" decoding=\"async\" width=\"496\" height=\"800\" src=\"https:\/\/juraferien.ch\/wp-content\/uploads\/2017\/10\/170810_juraferien__18.jpg\" alt=\"\" class=\"wp-image-223\" srcset=\"https:\/\/juraferien.ch\/wp-content\/uploads\/2017\/10\/170810_juraferien__18.jpg 496w, https:\/\/juraferien.ch\/wp-content\/uploads\/2017\/10\/170810_juraferien__18-186x300.jpg 186w\" sizes=\"auto, (max-width: 496px) 100vw, 496px\" \/><figcaption>manche kommen mit dem Rad<\/figcaption><\/figure>\n\n\n\n<figure class=\"wp-block-image is-resized\"><img loading=\"lazy\" decoding=\"async\" src=\"https:\/\/juraferien.ch\/wp-content\/uploads\/2017\/10\/kalb13.gif\" alt=\"\" class=\"wp-image-341\" width=\"642\" height=\"444\"\/><figcaption>Auch Tiere d\u00fcrfen mitgebracht werden <\/figcaption><\/figure>\n","protected":false},"excerpt":{"rendered":"<p>Es gibt verschiedene M\u00f6glichkeiten nach Kamo zu gelangen. Von Freiburg i. Brsg. oder Basel aus (auch Bern, je nach Route)\u00a0 dauert die Fahrt 1.5 &#8211;\u00a0 2 Std. Die letzen Kilometer sind nicht so einfach zu finden &#8211; am besten schaut man sich den Kartenausschnitt hier an, um sich von der Lage des Ortes ein Bild &hellip; <\/p>\n<p class=\"link-more\"><a href=\"https:\/\/juraferien.ch\/?page_id=237\" class=\"more-link\"><span class=\"screen-reader-text\">\u201eAnreise\u201c<\/span> weiterlesen<\/a><\/p>\n","protected":false},"author":1,"featured_media":128,"parent":0,"menu_order":10,"comment_status":"closed","ping_status":"closed","template":"","meta":{"_monsterinsights_skip_tracking":false,"_monsterinsights_sitenote_active":false,"_monsterinsights_sitenote_note":"","_monsterinsights_sitenote_category":0,"footnotes":""},"class_list":["post-237","page","type-page","status-publish","has-post-thumbnail","hentry"],"_links":{"self":[{"href":"https:\/\/juraferien.ch\/index.php?rest_route=\/wp\/v2\/pages\/237","targetHints":{"allow":["GET"]}}],"collection":[{"href":"https:\/\/juraferien.ch\/index.php?rest_route=\/wp\/v2\/pages"}],"about":[{"href":"https:\/\/juraferien.ch\/index.php?rest_route=\/wp\/v2\/types\/page"}],"author":[{"embeddable":true,"href":"https:\/\/juraferien.ch\/index.php?rest_route=\/wp\/v2\/users\/1"}],"replies":[{"embeddable":true,"href":"https:\/\/juraferien.ch\/index.php?rest_route=%2Fwp%2Fv2%2Fcomments&post=237"}],"version-history":[{"count":23,"href":"https:\/\/juraferien.ch\/index.php?rest_route=\/wp\/v2\/pages\/237\/revisions"}],"predecessor-version":[{"id":956,"href":"https:\/\/juraferien.ch\/index.php?rest_route=\/wp\/v2\/pages\/237\/revisions\/956"}],"wp:featuredmedia":[{"embeddable":true,"href":"https:\/\/juraferien.ch\/index.php?rest_route=\/wp\/v2\/media\/128"}],"wp:attachment":[{"href":"https:\/\/juraferien.ch\/index.php?rest_route=%2Fwp%2Fv2%2Fmedia&parent=237"}],"curies":[{"name":"wp","href":"https:\/\/api.w.org\/{rel}","templated":true}]}}