{"id":339,"date":"2017-10-24T12:33:53","date_gmt":"2017-10-24T10:33:53","guid":{"rendered":"http:\/\/juraferien.pietra.ch\/?page_id=339"},"modified":"2022-09-16T08:29:09","modified_gmt":"2022-09-16T06:29:09","slug":"lernen","status":"publish","type":"page","link":"https:\/\/juraferien.ch\/?page_id=339","title":{"rendered":"Die &#8222;P\u00e4dagogische Provinz&#8220; &#8211; eine Utopie ?"},"content":{"rendered":"\n<p>(ausf\u00fchrlicher<a rel=\"noreferrer noopener\" href=\"http:\/\/www.microecole.fr\" target=\"_blank\"> <\/a>a<a rel=\"noreferrer noopener\" href=\"http:\/\/www.microecole.fr\" target=\"_blank\">uf microecole.fr oder tinyschool.inf<\/a>o<\/p>\n\n\n<figure id=\"attachment_340\" aria-describedby=\"caption-attachment-340\" style=\"width: 469px\" class=\"wp-caption alignleft\"><a href=\"http:\/\/www.kamo.kulturforum.net\"><img loading=\"lazy\" decoding=\"async\" class=\"wp-image-340\" src=\"https:\/\/juraferien.ch\/wp-content\/uploads\/2017\/10\/hinter10-300x218.gif\" alt=\"\" width=\"469\" height=\"341\"><\/a><figcaption id=\"caption-attachment-340\" class=\"wp-caption-text\"><strong>Kinder wollen keine halben Sachen&nbsp; <br><\/strong><\/figcaption><\/figure>\n<p><\/p>\n\n\n<p>Seit etwa 150 Jahren lebt die europ\u00e4ische Menschheit mit der gesetzlichen &#8222;Schulpflicht&#8220; . Wie kam es dazu? Mit der Entwicklung der \u00f6ffentlichen Schule ist ganz untergr\u00fcndig verkn\u00fcpft die seltsam klingende Frage: Wem  g e h \u00f6 r t  eigentlich der &#8222;Mensch&#8220; ? <\/p>\n\n\n\n<p>Nach der Emanzipation des pers\u00f6nlichen und gesellschaftlichen Lebens aus den H\u00e4nden der Aristokratie und der Kirche, fiel die Aufgabe der schulischen Bildung dem Staat zu, dessen Primat mittlerweile &#8211; im Zuge der internationalen \u00d6konomisierung\/Kapitalisierung &#8211; am zerbr\u00f6ckeln ist. Die Erosision dieser obersten staatlichen Autorit\u00e4t war indessen schon im Keimzustand des staatlichen Schulzwangs veranlagt &#8211; so bezeugen es die ersten Pioniere einer echten Menschen- und Menschheitsbildung. Einer von diesen, der Freiheitsphilosoph <em>Otto Heinrich J\u00e4ger<\/em>, formulierte zur fatalen beh\u00f6rdlichen Kolonisierung von Erziehung und Bildung: &#8222;Und wirklich, &#8211; war auch kennete nicht die obligate Erscheinung des von Rechts- und Staatswegen patentierten und beorderten und mit hoher obrigkeitlicher Polizeigewalt ausgestatteten Jugendversorgers (Lehrperson) im Vollgef\u00fchle seiner Amtsw\u00fcrde, Macht und Hochwohlweisheit und in der Besessenheit seines Diensteifers &#8211; diese furchtbare Geisel der Menschheit. (&#8230;.)  Die gew\u00f6hnliche Frucht ist jetzt das blasierte und polizeidienerhaft positive Bewusstsein, was hinfort geruhig sein Quantum Futter wiederk\u00e4ut, das &#8230;.  leidlich das leidlich das Leben dieser Welt nach Stand und Berufsm\u00f6glichkeit geniesst, ohne sich weiter abzuh\u00e4rmen \u00fcber seine Geheimnisse und R\u00e4tsel und N\u00f6ten und K\u00e4mpfe und \u00fcber das ewig wunderbare Lebensuniversum, was in Wahrheit der Mensch selbst ist als freies geistiges Wesen&#8230;.&#8220; (vgl. <em>Freiheitslehre als System der Wissenschaft<\/em>, Z\u00fcrich 1859)<br><\/p>\n\n\n\n<p>Vor dem Hintergrund des Wissens um das &#8222;wunderbare Lebensuniversum&#8220; wird sich jede wahre Erziehung zwangsl\u00e4ufig aus den H\u00e4nden der Beh\u00f6rden, der &#8222;Experten&#8220;, des Geldpragmatismus, auch aus dem Bildschirmuniversum) befreien. Der Glanz der Digitalisierung verdunkelt den keimenden Blick auf das geistige Wesen&#8230; <\/p>\n\n\n\n<p>Wem geh\u00f6rt denn nun der Mensch?  Er geh\u00f6rt weder dem Staat, noch den Wirtschafts- bzw. Finanzinteressen, er geh\u00f6rt &#8211; sich selber, insofern er sein Selbst als ein substanzielles Wesen in die eigenen H\u00e4nde, bzw. in die eigene Gedankenwelt nehmen kann. Letztlich dienen Erziehung und Schule dem e i n e n  Ziel: diesen Prozess zu wecken und zu f\u00f6rdern. Erst von diesem Horizont aus k\u00f6nnen die konkreten Fragen nach dem &#8222;richtigen&#8220; Unterricht angegangen werden. Jeder Versuch, diesen Blick auf das &#8222;Wesen&#8220; eilig \u00fcberspringen oder ignorieren zu wollen, f\u00fchrt auf Dauer zu unbefriedigenden Scheinl\u00f6sungen. <\/p>\n\n\n\n<figure class=\"wp-block-image is-resized\"><img loading=\"lazy\" decoding=\"async\" src=\"https:\/\/juraferien.ch\/wp-content\/uploads\/2019\/04\/Albert_Anker_18311910_Schreibunterricht_1865__Oil_on_canvas.jpg\" alt=\"\" class=\"wp-image-895\" width=\"623\" height=\"311\" srcset=\"https:\/\/juraferien.ch\/wp-content\/uploads\/2019\/04\/Albert_Anker_18311910_Schreibunterricht_1865__Oil_on_canvas.jpg 495w, https:\/\/juraferien.ch\/wp-content\/uploads\/2019\/04\/Albert_Anker_18311910_Schreibunterricht_1865__Oil_on_canvas-300x150.jpg 300w\" sizes=\"auto, (max-width: 623px) 100vw, 623px\" \/><\/figure>\n\n\n\n<p>Gibt es Grundregeln f\u00fcr eine Schulform, die nicht als Zwang, sondern als freudiges Tun empfunden w\u00fcrde?<\/p>\n\n\n\n<p>Ein guter Unterricht soll <em>absolut<\/em> frei gestaltet sein? Vorerst ist das eine Utopie, die heutigen Schulen bewegen sich &#8211; wissend oder nicht &#8211;  zwischen Skylla und Charybdis (Privatschule, Staatsschule, Eliteschulen, Wissenschafts- und Wirtschaftszw\u00e4nge, Modetrends&#8230;)  &#8211;   <a rel=\"noreferrer noopener\" aria-label=\"Was ist eine &quot;freie&quot; Schule ?  (\u00f6ffnet in neuem Tab)\" href=\"http:\/\/www.dreigliederung.de\/files\/download\/steiner-rudolf-freie-schule.pdf\" target=\"_blank\">Welches sind die Ziele einer wirklich freien Schule <em>f\u00fcr alle, auch wenn diese zun\u00e4chst utopisch erscheinen?<\/em><\/a> <\/p>\n\n\n\n<p><\/p>\n\n\n\n<p>Einstweilen &#8211; Krisenschulen, Notl\u00f6sungen, &#8222;Schulpsychologie&#8220;, Therapien und &#8222;F\u00f6rderungen&#8220; aller Art? Varianten von digital schooling und Homeschooling als notd\u00fcrftige Alternative? permanenter Reibach mit staatlichen Kontrolleuren, &#8222;Hochwohlweisheit&#8220; und &#8222;Diensteifer&#8220; (s.o.)? <\/p>\n\n\n\n<p>Vielleicht: raus aus dem Land ?<\/p>\n\n\n\n<p>naheligend &#8211; Fluchtbewegungen aller Art, ideologischer R\u00fcckzug in die &#8222;Natur&#8220;, Un-schooling. <\/p>\n\n\n\n<p>gibt es denn Anderes als die &#8222;Konditionierung&#8220; durch Vater Staat (diesem Diener der finanziell-digitalen Matrix), oder anderes Konsens-Verhalten aller Arten?<\/p>\n\n\n\n<p>Was soll denn werden mit Mathematik\/ Erd-, Pflanzen-, Tierkunde \/ Sprachen \/ Musik \/ Theater&#8230;  ? <\/p>\n\n\n\n<p>gibt es &#8211; bescheidene Anf\u00e4nge, jenseits ideologischer Zwangsjacken? <\/p>\n\n\n\n<p>&#8222;Was immer du tun kannst oder ertr\u00e4umst zu k\u00f6nnen, beginne es. <strong>K\u00fchnheit besitzt Genie<\/strong>, Macht und magische Kraft. Beginne es jetzt.&#8220; (JWG)<\/p>\n\n\n\n<p>Und nie aus den Augen verliegen:  was ist eigentlich das Ziel der &#8222;Schule&#8220;?  &#8211; des Lebens \u00fcberhaupt? Wem geh\u00f6rt denn nun das liebe Menschlein? Was ist das oberste Ziel? Individuation oder Assimilation ins soziologische Kollektiv? ( Ganz unten, spontan gefunden, ein Gedicht eines &#8222;Fr\u00fchvollendeten&#8220;).<\/p>\n\n\n\n<p>Motto: Das Alte st\u00fcrzt \/ es \u00e4ndert sich die Zeit \/ und neues Leben bl\u00fcht aus den Ruinen <em>(F.Schiller, Wilhelm Tell)<\/em><\/p>\n\n\n\n<p>(Ein Notabene noch, zum &#8211; how to say &#8211; auch-neuen-Leben im  Silicon Valley : die progressiven Digitalisierer halten wenig von online-P\u00e4dagogik \u00e0 la &#8222;great reset&#8220;, man \u00fcberl\u00e4sst die kids m<a rel=\"noreferrer noopener\" href=\"https:\/\/waldorfpeninsula.org\/\" target=\"_blank\">itnichten der smarten Ver\u00f6dung..<\/a>) <\/p>\n\n\n\n<p>****<\/p>\n\n\n\n<p>Was machen nun aber die Mohikaner auf &#8222;Kamo&#8220;, abseits vom Paradigma &#8222;Schule um jeden Preis&#8220; ?   Welchen Namen soll das &#8222;aus den Ruinen erbl\u00fchende&#8220; NEUE bekommen? Abseits aller ideologischen Programme und Methoden, mitten im konkreten SCHICKSAL?<\/p>\n\n\n\n<figure class=\"wp-block-image size-full is-resized\"><img loading=\"lazy\" decoding=\"async\" src=\"https:\/\/juraferien.ch\/wp-content\/uploads\/2022\/09\/hirngrill-sklave-hirntod.jpg\" alt=\"\" class=\"wp-image-1752\" width=\"296\" height=\"238\" srcset=\"https:\/\/juraferien.ch\/wp-content\/uploads\/2022\/09\/hirngrill-sklave-hirntod.jpg 946w, https:\/\/juraferien.ch\/wp-content\/uploads\/2022\/09\/hirngrill-sklave-hirntod-300x241.jpg 300w, https:\/\/juraferien.ch\/wp-content\/uploads\/2022\/09\/hirngrill-sklave-hirntod-768x618.jpg 768w\" sizes=\"auto, (max-width: 296px) 100vw, 296px\" \/><figcaption><strong><em>Neuralinks, Mikrochips, Eugenik<\/em><\/strong>, &#8222;Schule&#8220; quo vadis? <\/figcaption><\/figure>\n\n\n\n<p>(<a href=\"https:\/\/fassadenkratzer.wordpress.com\/2022\/09\/14\/wie-alte-eugenik-programme-uber-die-uno-in-neuen-gentherapie-technologien-wieder-auferstehen\/\">Einschub: Eugenik? ?<\/a>)<\/p>\n\n\n\n<p>Also was nun &#8211; da sich am Horizont der vernetzte Homunculus in Umrissen zeigt..?<\/p>\n\n\n\n<p>Was tun?? Wie soll das Neue heissen? <\/p>\n\n\n\n<p>NATURSCHULE ?  Farmschooling ?    Edukamo ?   Initiamo? Skola ? <\/p>\n\n\n\n<p>wie hei\u00dft es doch :<\/p>\n\n\n\n<p>&#8222;L&#8217;audace a du <em>g\u00e9nie<\/em>, du pouvoir, de la magie\u201d.<\/p>\n\n\n\n<p><a href=\"http:\/\/www.microecole.fr\">weiter auf  www.tinyschool.info  oder www.microecole.fr<\/a><\/p>\n\n\n\n<figure class=\"wp-block-image\"><a href=\"www.microecole.fr\"><img loading=\"lazy\" decoding=\"async\" width=\"1024\" height=\"576\" src=\"https:\/\/www.juraferien.ch\/wp-content\/uploads\/2019\/06\/20190610_082832-1-1024x576.jpg\" alt=\"\" class=\"wp-image-1006\" srcset=\"https:\/\/juraferien.ch\/wp-content\/uploads\/2019\/06\/20190610_082832-1-1024x576.jpg 1024w, https:\/\/juraferien.ch\/wp-content\/uploads\/2019\/06\/20190610_082832-1-300x169.jpg 300w, https:\/\/juraferien.ch\/wp-content\/uploads\/2019\/06\/20190610_082832-1-768x432.jpg 768w\" sizes=\"auto, (max-width: 767px) 89vw, (max-width: 1000px) 54vw, (max-width: 1071px) 543px, 580px\" \/><\/a><figcaption>  Ausmisten endlich !<\/figcaption><\/figure>\n\n\n\n<figure class=\"wp-block-image\"><img loading=\"lazy\" decoding=\"async\" width=\"1024\" height=\"576\" src=\"https:\/\/www.juraferien.ch\/wp-content\/uploads\/2019\/08\/20190515_1435241-1024x576.jpg\" alt=\"\" class=\"wp-image-1060\" srcset=\"https:\/\/juraferien.ch\/wp-content\/uploads\/2019\/08\/20190515_1435241-1024x576.jpg 1024w, https:\/\/juraferien.ch\/wp-content\/uploads\/2019\/08\/20190515_1435241-300x169.jpg 300w, https:\/\/juraferien.ch\/wp-content\/uploads\/2019\/08\/20190515_1435241-768x432.jpg 768w\" sizes=\"auto, (max-width: 767px) 89vw, (max-width: 1000px) 54vw, (max-width: 1071px) 543px, 580px\" \/><figcaption>hmm &#8211; &#8222;Kinderarbeit&#8220; ??<\/figcaption><\/figure>\n\n\n\n<figure class=\"wp-block-image\"><img loading=\"lazy\" decoding=\"async\" width=\"1024\" height=\"576\" src=\"https:\/\/www.juraferien.ch\/wp-content\/uploads\/2019\/08\/20180802_161555-1024x576.jpg\" alt=\"\" class=\"wp-image-1061\" srcset=\"https:\/\/juraferien.ch\/wp-content\/uploads\/2019\/08\/20180802_161555-1024x576.jpg 1024w, https:\/\/juraferien.ch\/wp-content\/uploads\/2019\/08\/20180802_161555-300x169.jpg 300w, https:\/\/juraferien.ch\/wp-content\/uploads\/2019\/08\/20180802_161555-768x432.jpg 768w\" sizes=\"auto, (max-width: 767px) 89vw, (max-width: 1000px) 54vw, (max-width: 1071px) 543px, 580px\" \/><figcaption>Wohin geht der Weg ? &#8211;  P\u00e4dagogik beginnt in der &#8222;analogen&#8220; Welt..<\/figcaption><\/figure>\n\n\n\n<figure class=\"wp-block-image\"><img loading=\"lazy\" decoding=\"async\" width=\"1024\" height=\"768\" src=\"https:\/\/www.juraferien.ch\/wp-content\/uploads\/2019\/10\/IMG_0419-1024x768.jpg\" alt=\"\" class=\"wp-image-1084\" srcset=\"https:\/\/juraferien.ch\/wp-content\/uploads\/2019\/10\/IMG_0419-1024x768.jpg 1024w, https:\/\/juraferien.ch\/wp-content\/uploads\/2019\/10\/IMG_0419-300x225.jpg 300w, https:\/\/juraferien.ch\/wp-content\/uploads\/2019\/10\/IMG_0419-768x576.jpg 768w\" sizes=\"auto, (max-width: 767px) 89vw, (max-width: 1000px) 54vw, (max-width: 1071px) 543px, 580px\" \/><figcaption>ja, die analoge Welt &#8211; nebst der virtuellen Verkitschung gibt&#8217;s die k\u00fcnstlerische Verkl\u00e4rung !<\/figcaption><\/figure>\n\n\n\n<figure class=\"wp-block-image\"><img loading=\"lazy\" decoding=\"async\" width=\"1024\" height=\"768\" src=\"https:\/\/www.juraferien.ch\/wp-content\/uploads\/2019\/10\/IMG_0415-1024x768.jpg\" alt=\"\" class=\"wp-image-1085\" srcset=\"https:\/\/juraferien.ch\/wp-content\/uploads\/2019\/10\/IMG_0415-1024x768.jpg 1024w, https:\/\/juraferien.ch\/wp-content\/uploads\/2019\/10\/IMG_0415-300x225.jpg 300w, https:\/\/juraferien.ch\/wp-content\/uploads\/2019\/10\/IMG_0415-768x576.jpg 768w\" sizes=\"auto, (max-width: 767px) 89vw, (max-width: 1000px) 54vw, (max-width: 1071px) 543px, 580px\" \/><figcaption>Hier gleich noch eine weitere &#8222;Sch\u00fclerarbeit&#8220; aus Kamo<\/figcaption><\/figure>\n\n\n\n<figure class=\"wp-block-image\"><a href=\"www.microecole.fr\"><img loading=\"lazy\" decoding=\"async\" width=\"1024\" height=\"768\" src=\"https:\/\/www.juraferien.ch\/wp-content\/uploads\/2019\/10\/IMG_0420-1024x768.jpg\" alt=\"\" class=\"wp-image-1086\" srcset=\"https:\/\/juraferien.ch\/wp-content\/uploads\/2019\/10\/IMG_0420-1024x768.jpg 1024w, https:\/\/juraferien.ch\/wp-content\/uploads\/2019\/10\/IMG_0420-300x225.jpg 300w, https:\/\/juraferien.ch\/wp-content\/uploads\/2019\/10\/IMG_0420-768x576.jpg 768w\" sizes=\"auto, (max-width: 767px) 89vw, (max-width: 1000px) 54vw, (max-width: 1071px) 543px, 580px\" \/><\/a><figcaption>&#8222;Futterproduktion&#8220; auf Hof Kamo:  hier eine grafische Verkl\u00e4rung: Akrobatik im Heustock &#8211; vgl. <a href=\"http:\/\/www.microecole.fr\" target=\"_blank\" rel=\"noreferrer noopener\">www.microecole.fr<\/a>  oder  <a href=\"http:\/\/www.microecole.fr\" data-type=\"URL\" data-id=\"www.microecole.fr\" target=\"_blank\" rel=\"noreferrer noopener\">www.tinyschool.fr<\/a><\/figcaption><\/figure>\n\n\n\n<p>Was gibt&#8217;s denn f\u00fcr Alternativen zum \u00fcblichen Schulbetrieb? Die Frage dr\u00e4ngt&#8230; <\/p>\n\n\n\n<p>Klar ist wohl, dass im Zentrum der Bem\u00fchungen die (existenzielle) Begegnung der Lehrenden und Lernenden stehen sollte &#8211; denn das Ideal der &#8222;Erziehung zur Freiheit&#8220; ist immer die Frucht der konkreten schicksalshaften Wirkungen, da doch &#8222;Freiheit&#8220; &#8211; soll dieses Ziel keine leere Worth\u00fclse sein &#8211; immer nach Drama riecht. <\/p>\n\n\n\n<p>Zur\u00fcck zur Frage &#8222;wem geh\u00f6rt der Mensch&#8220; : soll er <em>sich selbst <\/em>(statt den Konventionen, dem Staat oder der Finanzmacht) geh\u00f6ren, dann wird er sich zu diesem &#8222;sich selbst&#8220; irgendwie gedankenvoll (und herzkr\u00e4ftig) auf den Weg machen m\u00fcssen. (Auch Gesundheit\/Krankheit (&#8222;Immunit\u00e4t&#8220;) seines k\u00f6rperlichen Einzeldaseins h\u00e4ngen damit zusammen, wie nah oder fern sich das individuelle Bewusstsein seinem Ursprung und Wesenskern wei\u00df, oder zu wissen bem\u00fcht. Der wahre &#8222;P\u00e4dagoge&#8220; w\u00fcrde auf das innere Potenzial seiner &#8222;Z\u00f6glinge&#8220; abl\u00e4hmend wirken, wenn ihm seine eigenen Lebenskeime abdorren, bzw. im Dickicht des institutionalisierten Betriebes (egal welcher Richtung!) l\u00e4ngst vertrocknet sind. &#8211; Ideale L\u00f6sungen oder Patent-Methoden kann es im Reich des Schulgeschehens nicht geben, hier lebt alles von der Kraft der spontanen Beseelung, Beobachtung, der Geistesgegenwart, etc. Verheerend w\u00e4re, wenn das Kind als &#8222;kleiner Erwachsener&#8220; eingestuft w\u00fcrde..    <\/p>\n\n\n\n<p>*********<\/p>\n\n\n\n<p>  Hier ein Einzelbeispiel aus der Zeit des <a href=\"https:\/\/de.wikipedia.org\/wiki\/Otto_Braun_(Lyriker)#\/media\/Datei:Braun_otto_1914.jpg\">proletarischen Erwachens..<\/a> <\/p>\n\n\n\n<figure class=\"wp-block-image\"><img decoding=\"async\" src=\"https:\/\/upload.wikimedia.org\/wikipedia\/commons\/2\/29\/Braun_otto_1914.jpg\" alt=\"https:\/\/upload.wikimedia.org\/wikipedia\/commons\/2\/29\/Braun_otto_1914.jpg\"\/><\/figure>\n\n\n\n<p>NB  Der &#8222;fr\u00fch-vollendete&#8220; junge Otto Braun wurde zeitweise unterrichtet von <a href=\"https:\/\/de.wikipedia.org\/wiki\/Herman_Schmalenbach\">Herman Schmalenbach<\/a>, (ein P\u00e4dagoge und gleichzeitig ein Ph\u00e4nomenologe des Bewusstseins) der sp\u00e4ter (gest.1950) in Basel wirkte.  (Diesem ist die Schrift <a href=\"https:\/\/www.edition-lgc.de\/i.php?n=A-buch.B56\">&#8222;Ehrung&#8220;<\/a> von Karl Ballmer zugedacht)  hier einige traurig-tragische <a href=\"http:\/\/www.vatermoerder.de\/projekte\/otto\/\">Zeilen des 20J\u00e4hrigen,: <\/a><\/p>\n\n\n\n<p> DIES IST BESTIMMT<\/p>\n\n\n\n<p>Genommen hast du mir, was du gegeben.\/  Wars auch nicht viel,\/   Mir schien&#8217;s die Sonne im verh\u00e4ngten Leben,\/  Dir nur ein Spiel.\/  Nun geh, ich habe nichts von dir zu fordern,\/  Ich bleib allein.\/  Dies ist bestimmt: mir k\u00e4mpfen und verlodern,\/  Dir gl\u00fccklich sein. <\/p>\n","protected":false},"excerpt":{"rendered":"<p>(ausf\u00fchrlicher auf microecole.fr oder tinyschool.info Seit etwa 150 Jahren lebt die europ\u00e4ische Menschheit mit der gesetzlichen &#8222;Schulpflicht&#8220; . Wie kam es dazu? Mit der Entwicklung der \u00f6ffentlichen Schule ist ganz untergr\u00fcndig verkn\u00fcpft die seltsam klingende Frage: Wem g e h \u00f6 r t eigentlich der &#8222;Mensch&#8220; ? Nach der Emanzipation des pers\u00f6nlichen und gesellschaftlichen Lebens &hellip; <\/p>\n<p class=\"link-more\"><a href=\"https:\/\/juraferien.ch\/?page_id=339\" class=\"more-link\"><span class=\"screen-reader-text\">\u201eDie &#8222;P\u00e4dagogische Provinz&#8220; &#8211; eine Utopie ?\u201c<\/span> weiterlesen<\/a><\/p>\n","protected":false},"author":1,"featured_media":0,"parent":412,"menu_order":0,"comment_status":"closed","ping_status":"closed","template":"","meta":{"_monsterinsights_skip_tracking":false,"_monsterinsights_sitenote_active":false,"_monsterinsights_sitenote_note":"","_monsterinsights_sitenote_category":0,"footnotes":""},"class_list":["post-339","page","type-page","status-publish","hentry"],"_links":{"self":[{"href":"https:\/\/juraferien.ch\/index.php?rest_route=\/wp\/v2\/pages\/339","targetHints":{"allow":["GET"]}}],"collection":[{"href":"https:\/\/juraferien.ch\/index.php?rest_route=\/wp\/v2\/pages"}],"about":[{"href":"https:\/\/juraferien.ch\/index.php?rest_route=\/wp\/v2\/types\/page"}],"author":[{"embeddable":true,"href":"https:\/\/juraferien.ch\/index.php?rest_route=\/wp\/v2\/users\/1"}],"replies":[{"embeddable":true,"href":"https:\/\/juraferien.ch\/index.php?rest_route=%2Fwp%2Fv2%2Fcomments&post=339"}],"version-history":[{"count":72,"href":"https:\/\/juraferien.ch\/index.php?rest_route=\/wp\/v2\/pages\/339\/revisions"}],"predecessor-version":[{"id":1765,"href":"https:\/\/juraferien.ch\/index.php?rest_route=\/wp\/v2\/pages\/339\/revisions\/1765"}],"up":[{"embeddable":true,"href":"https:\/\/juraferien.ch\/index.php?rest_route=\/wp\/v2\/pages\/412"}],"wp:attachment":[{"href":"https:\/\/juraferien.ch\/index.php?rest_route=%2Fwp%2Fv2%2Fmedia&parent=339"}],"curies":[{"name":"wp","href":"https:\/\/api.w.org\/{rel}","templated":true}]}}