{"id":344,"date":"2017-10-24T12:34:34","date_gmt":"2017-10-24T10:34:34","guid":{"rendered":"http:\/\/juraferien.pietra.ch\/?page_id=344"},"modified":"2023-05-20T21:25:35","modified_gmt":"2023-05-20T19:25:35","slug":"musik","status":"publish","type":"page","link":"https:\/\/juraferien.ch\/?page_id=344","title":{"rendered":"Musik !"},"content":{"rendered":"<p>\u00a0<\/p>\n<p><img loading=\"lazy\" decoding=\"async\" class=\"alignnone size-medium wp-image-346\" src=\"https:\/\/juraferien.ch\/wp-content\/uploads\/2017\/10\/virtuo05-300x221.gif\" alt=\"\" width=\"300\" height=\"221\" \/><\/p>\n<p>L<a href=\"https:\/\/youtu.be\/fW0Y3M4EJ4M\" target=\"_blank\" rel=\"noopener\">a H\u00e9roine \/ Valentina Lisits<\/a>a<\/p>\n<p>Kamo ist a u c h ein Ort f\u00fcr Musik. Echte Musik.. . Es gibt &#8211; auf die H\u00e4user verteilt &#8211; f\u00fcnf Klaviere. <a href=\"https:\/\/youtu.be\/fgs6mp-BoiA\" target=\"_blank\" rel=\"noopener\">G\u00e4ste mit Instrumenten aller Art sind sehr willkommen !<\/a><\/p>\n<p>Schl\u00e4ft ein Lied in allen Dingen \/ die da tr\u00e4umen fort und fort<br \/>und die Welt hebt an zu singen \/ triffst du nur das Zauberwort ..<\/p>\n<p>\u00a0<\/p>\n\n\n<figure class=\"wp-block-gallery has-nested-images columns-default is-cropped wp-block-gallery-1 is-layout-flex wp-block-gallery-is-layout-flex\">\n<figure class=\"wp-block-image size-large\"><img loading=\"lazy\" decoding=\"async\" width=\"1024\" height=\"768\" data-id=\"1727\" src=\"https:\/\/juraferien.ch\/wp-content\/uploads\/2022\/08\/IMG_20220818_132814-1-1024x768.jpg\" alt=\"\" class=\"wp-image-1727\" srcset=\"https:\/\/juraferien.ch\/wp-content\/uploads\/2022\/08\/IMG_20220818_132814-1-1024x768.jpg 1024w, https:\/\/juraferien.ch\/wp-content\/uploads\/2022\/08\/IMG_20220818_132814-1-300x225.jpg 300w, https:\/\/juraferien.ch\/wp-content\/uploads\/2022\/08\/IMG_20220818_132814-1-768x576.jpg 768w, https:\/\/juraferien.ch\/wp-content\/uploads\/2022\/08\/IMG_20220818_132814-1-1536x1152.jpg 1536w, https:\/\/juraferien.ch\/wp-content\/uploads\/2022\/08\/IMG_20220818_132814-1-2048x1536.jpg 2048w\" sizes=\"auto, (max-width: 767px) 89vw, (max-width: 1000px) 54vw, (max-width: 1071px) 543px, 580px\" \/><\/figure>\n<figcaption class=\"blocks-gallery-caption wp-element-caption\">Bei mir \/ bist du schein&#8230;. <\/figcaption><\/figure>\n\n\n\n<p>Dann gibt&#8217;s da noch Goethes WANDERLIED:                     <\/p>\n\n\n\n<pre class=\"wp-block-preformatted\">Von [dem Berge]<sup>1<\/sup> zu den H\u00fcgeln,\nNiederab das Tal entlang,\nDa [erklingt es]<sup>2<\/sup> wie von Fl\u00fcgeln,\nDa [bewegt sichs]<sup>3<\/sup> wie Gesang;\nUnd dem unbedingten Triebe\nFolget Freude, folget Rat,\nUnd dein Streben, sei's in Liebe!\nUnd dein Leben sei die Tat.\n\nDenn die Bande sind zerrissen,\nDas Vertrauen ist verletzt;\nKann ich sagen, kann ich wissen,\nWelchem Zufall ausgesetzt,\nIch nun scheiden, ich nun wandern,\nWie die Witwe trauervoll,\nStatt dem Einen, mit dem Andern\nFort und fort mich wenden soll!\n\nBleibe nicht am Boden heften,\nFrisch gewagt und frisch hinaus!\nKopf und Arm mit heitern Kr\u00e4ften,\n\u00dcberall sind [sie]<sup>4<\/sup> zu Haus;\nWo wir uns der Sonne freuen,\nSind wir [jede Sorge]<sup>5<\/sup> los,\nDa\u00df wir uns in ihr zerstreuen,\nDarum ist die Welt so gro\u00df.<\/pre>\n\n\n\n<p>O. Gerster sets stanzas 1, 3<br>F. Hensel sets stanzas 1, 3<br><a href=\"https:\/\/www.lieder.net\/lieder\/get_text.html?TextId=6659&amp;RF=1\">View original text (without footnotes)<\/a><br><sup>1<\/sup>&nbsp;Mendelssohn: &#8222;den Bergen&#8220;<br><sup>2<\/sup>&nbsp;Gerster: &#8222;bewegt sichs&#8220;<br><sup>3<\/sup>&nbsp;Gerster: &#8222;erklingt es&#8220;<br><sup>4<\/sup>&nbsp;Gerster, Mendelssohn: &#8222;wir&#8220;<br><sup>5<\/sup>&nbsp;Mendelssohn: &#8222;jeder Sorgen&#8220;; Gerster: &#8222;alle Sorgen&#8220;<\/p>\n\n\n\n<p><\/p>\n","protected":false},"excerpt":{"rendered":"<p>\u00a0 La H\u00e9roine \/ Valentina Lisitsa Kamo ist a u c h ein Ort f\u00fcr Musik. Echte Musik.. . Es gibt &#8211; auf die H\u00e4user verteilt &#8211; f\u00fcnf Klaviere. G\u00e4ste mit Instrumenten aller Art sind sehr willkommen ! Schl\u00e4ft ein Lied in allen Dingen \/ die da tr\u00e4umen fort und fortund die Welt hebt an &hellip; <\/p>\n<p class=\"link-more\"><a href=\"https:\/\/juraferien.ch\/?page_id=344\" class=\"more-link\"><span class=\"screen-reader-text\">\u201eMusik !\u201c<\/span> weiterlesen<\/a><\/p>\n","protected":false},"author":1,"featured_media":377,"parent":412,"menu_order":1,"comment_status":"closed","ping_status":"closed","template":"","meta":{"_monsterinsights_skip_tracking":false,"_monsterinsights_sitenote_active":false,"_monsterinsights_sitenote_note":"","_monsterinsights_sitenote_category":0,"footnotes":""},"class_list":["post-344","page","type-page","status-publish","has-post-thumbnail","hentry"],"_links":{"self":[{"href":"https:\/\/juraferien.ch\/index.php?rest_route=\/wp\/v2\/pages\/344","targetHints":{"allow":["GET"]}}],"collection":[{"href":"https:\/\/juraferien.ch\/index.php?rest_route=\/wp\/v2\/pages"}],"about":[{"href":"https:\/\/juraferien.ch\/index.php?rest_route=\/wp\/v2\/types\/page"}],"author":[{"embeddable":true,"href":"https:\/\/juraferien.ch\/index.php?rest_route=\/wp\/v2\/users\/1"}],"replies":[{"embeddable":true,"href":"https:\/\/juraferien.ch\/index.php?rest_route=%2Fwp%2Fv2%2Fcomments&post=344"}],"version-history":[{"count":23,"href":"https:\/\/juraferien.ch\/index.php?rest_route=\/wp\/v2\/pages\/344\/revisions"}],"predecessor-version":[{"id":1852,"href":"https:\/\/juraferien.ch\/index.php?rest_route=\/wp\/v2\/pages\/344\/revisions\/1852"}],"up":[{"embeddable":true,"href":"https:\/\/juraferien.ch\/index.php?rest_route=\/wp\/v2\/pages\/412"}],"wp:featuredmedia":[{"embeddable":true,"href":"https:\/\/juraferien.ch\/index.php?rest_route=\/wp\/v2\/media\/377"}],"wp:attachment":[{"href":"https:\/\/juraferien.ch\/index.php?rest_route=%2Fwp%2Fv2%2Fmedia&parent=344"}],"curies":[{"name":"wp","href":"https:\/\/api.w.org\/{rel}","templated":true}]}}