{"id":402,"date":"2017-11-02T10:17:45","date_gmt":"2017-11-02T09:17:45","guid":{"rendered":"http:\/\/juraferien.pietra.ch\/?page_id=402"},"modified":"2022-02-05T13:48:02","modified_gmt":"2022-02-05T12:48:02","slug":"hofwohnung","status":"publish","type":"page","link":"https:\/\/juraferien.ch\/?page_id=402","title":{"rendered":"Hofwohnung Le Fourney"},"content":{"rendered":"<p style=\"padding-left: 30px;\">Die Hofwohnung liegt im Bauernhaus von 1794, einer traditionellen &#8222;Ferme Comtoise&#8220;.<\/p>\n<p style=\"padding-left: 30px;\">Gem\u00fctlicher, rustikaler&nbsp; Wohnraum mit Holzofen f\u00fcr bis zu 3 Personen. K\u00fcchenzeile, Essplatz, Schlafsofa und Bett, WC. Dusche im Hofhaus oder solar. Zugang \u00fcber die Scheune.<\/p>\n<p><\/p>\n<figure id=\"attachment_136\" aria-describedby=\"caption-attachment-136\" style=\"width: 525px\" class=\"wp-caption alignnone\"><img loading=\"lazy\" decoding=\"async\" class=\"size-large wp-image-136\" src=\"https:\/\/juraferien.ch\/wp-content\/uploads\/2017\/10\/juli-107-1024x768.jpg\" alt=\"\" width=\"525\" height=\"394\" srcset=\"https:\/\/juraferien.ch\/wp-content\/uploads\/2017\/10\/juli-107-1024x768.jpg 1024w, https:\/\/juraferien.ch\/wp-content\/uploads\/2017\/10\/juli-107-300x225.jpg 300w, https:\/\/juraferien.ch\/wp-content\/uploads\/2017\/10\/juli-107-768x576.jpg 768w\" sizes=\"auto, (max-width: 525px) 100vw, 525px\" \/><figcaption id=\"caption-attachment-136\" class=\"wp-caption-text\">Habiter \u00e0 la ferme !<\/figcaption><\/figure>\n\n\n<figure class=\"wp-block-image\"><img loading=\"lazy\" decoding=\"async\" width=\"1024\" height=\"768\" src=\"https:\/\/juraferien.ch\/wp-content\/uploads\/2019\/01\/anfang-2010-002-1024x768.jpg\" alt=\"\" class=\"wp-image-794\" srcset=\"https:\/\/juraferien.ch\/wp-content\/uploads\/2019\/01\/anfang-2010-002.jpg 1024w, https:\/\/juraferien.ch\/wp-content\/uploads\/2019\/01\/anfang-2010-002-300x225.jpg 300w, https:\/\/juraferien.ch\/wp-content\/uploads\/2019\/01\/anfang-2010-002-768x576.jpg 768w\" sizes=\"auto, (max-width: 767px) 89vw, (max-width: 1000px) 54vw, (max-width: 1071px) 543px, 580px\" \/><figcaption>Heub\u00fchne im Hofhaus<\/figcaption><\/figure>\n\n\n\n<figure class=\"wp-block-image\"><img loading=\"lazy\" decoding=\"async\" width=\"1024\" height=\"768\" src=\"https:\/\/juraferien.ch\/wp-content\/uploads\/2019\/01\/1.2.06-029-1024x768.jpg\" alt=\"\" class=\"wp-image-792\" srcset=\"https:\/\/juraferien.ch\/wp-content\/uploads\/2019\/01\/1.2.06-029-1024x768.jpg 1024w, https:\/\/juraferien.ch\/wp-content\/uploads\/2019\/01\/1.2.06-029-300x225.jpg 300w, https:\/\/juraferien.ch\/wp-content\/uploads\/2019\/01\/1.2.06-029-768x576.jpg 768w, https:\/\/juraferien.ch\/wp-content\/uploads\/2019\/01\/1.2.06-029.jpg 1600w\" sizes=\"auto, (max-width: 767px) 89vw, (max-width: 1000px) 54vw, (max-width: 1071px) 543px, 580px\" \/><figcaption>Le toit de la ferme en hiver <\/figcaption><\/figure>\n\n\n\n<blockquote class=\"wp-block-quote is-layout-flow wp-block-quote-is-layout-flow\"><p>La Maison de Ferme comtoise, 27.Oktober 1779, J.W.G.<\/p><p> <br>&#8230;.  Wir waren wohl drei Stunden gestiegen, als es hinterw\u00e4rts sachte  wieder hinabzugehen anfing. Wir glaubten unter uns einen gro\u00dfen See zu  erblicken, indem ein tiefer Nebel das ganze Tal, was wir \u00fcbersehen  konnten, ausf\u00fcllte. Wir kamen ihm endlich n\u00e4her, sahen einen wei\u00dfen  Bogen, den der Mond darin bildete, und wurden bald ganz vom Nebel  eingewickelt. Die Begleitung des Hauptmanns verschaffte uns Quartier in  einem Hause, wo man sonst nicht Fremde aufzunehmen pflegt. Es  unterschied sich in der innern Bauart von gew\u00f6hnlichen Geb\u00e4uden in  nichts, als da\u00df der gro\u00dfe Raum mitteninne zugleich K\u00fcche,  Versammlungsplatz, Vorsaal ist und man von da in die Zimmer gleicher  Erde und auch die Treppe hinauf geht. Auf der einen Seite war an dem  Boden auf steinernen Platten das Feuer angez\u00fcndet, davon ein weiter  Schornstein, mit Brettern dauerhaft und sauber ausgeschlagen, den Rauch  aufnahm. In der Ecke waren die T\u00fcren zu den Back\u00f6fen, der ganze Fu\u00dfboden  gedielet, bis auf ein kleines Eckchen am Fenster um den Sp\u00fclstein,  welches gepflastert war, \u00fcbrigens ringsherum, auch in der H\u00f6he \u00fcber den  Balken eine Menge Hausrat und Ger\u00e4tschaften in sch\u00f6ner Ordnung  angebracht, alles nicht unreinlich gehalten. &#8230;. <\/p><\/blockquote>\n\n\n\n<figure class=\"wp-block-image\"><img loading=\"lazy\" decoding=\"async\" width=\"640\" height=\"480\" src=\"https:\/\/juraferien.ch\/wp-content\/uploads\/2019\/01\/jan-10-007.jpg\" alt=\"\" class=\"wp-image-796\" srcset=\"https:\/\/juraferien.ch\/wp-content\/uploads\/2019\/01\/jan-10-007.jpg 640w, https:\/\/juraferien.ch\/wp-content\/uploads\/2019\/01\/jan-10-007-300x225.jpg 300w\" sizes=\"auto, (max-width: 640px) 100vw, 640px\" \/><figcaption>Winterblick aus der Ferme&#8220;<\/figcaption><\/figure>\n\n\n\n<figure class=\"wp-block-image\"><img loading=\"lazy\" decoding=\"async\" width=\"1024\" height=\"683\" src=\"https:\/\/juraferien.ch\/wp-content\/uploads\/2019\/01\/DSC_3961-1024x683-1024x683.jpg\" alt=\"\" class=\"wp-image-810\" srcset=\"https:\/\/juraferien.ch\/wp-content\/uploads\/2019\/01\/DSC_3961-1024x683.jpg 1024w, https:\/\/juraferien.ch\/wp-content\/uploads\/2019\/01\/DSC_3961-1024x683-300x200.jpg 300w, https:\/\/juraferien.ch\/wp-content\/uploads\/2019\/01\/DSC_3961-1024x683-768x512.jpg 768w\" sizes=\"auto, (max-width: 767px) 89vw, (max-width: 1000px) 54vw, (max-width: 1071px) 543px, 580px\" \/><figcaption>1794 &#8211;  Le Fourney &#8211; &#8222;La Ferme&#8220;.  Rechts unten der &#8222;Dachsbau&#8220;<\/figcaption><\/figure>\n\n\n\n<figure class=\"wp-block-image\"><img loading=\"lazy\" decoding=\"async\" width=\"1024\" height=\"768\" src=\"https:\/\/www.juraferien.ch\/wp-content\/uploads\/2019\/07\/IMG_1903-1024x768.jpg\" alt=\"\" class=\"wp-image-1044\" srcset=\"https:\/\/juraferien.ch\/wp-content\/uploads\/2019\/07\/IMG_1903-1024x768.jpg 1024w, https:\/\/juraferien.ch\/wp-content\/uploads\/2019\/07\/IMG_1903-300x225.jpg 300w, https:\/\/juraferien.ch\/wp-content\/uploads\/2019\/07\/IMG_1903-768x576.jpg 768w\" sizes=\"auto, (max-width: 767px) 89vw, (max-width: 1000px) 54vw, (max-width: 1071px) 543px, 580px\" \/><\/figure>\n","protected":false},"excerpt":{"rendered":"<p>Die Hofwohnung liegt im Bauernhaus von 1794, einer traditionellen &#8222;Ferme Comtoise&#8220;. Gem\u00fctlicher, rustikaler&nbsp; Wohnraum mit Holzofen f\u00fcr bis zu 3 Personen. K\u00fcchenzeile, Essplatz, Schlafsofa und Bett, WC. Dusche im Hofhaus oder solar. Zugang \u00fcber die Scheune. La Maison de Ferme comtoise, 27.Oktober 1779, J.W.G. &#8230;. Wir waren wohl drei Stunden gestiegen, als es hinterw\u00e4rts sachte &hellip; <\/p>\n<p class=\"link-more\"><a href=\"https:\/\/juraferien.ch\/?page_id=402\" class=\"more-link\"><span class=\"screen-reader-text\">\u201eHofwohnung Le Fourney\u201c<\/span> weiterlesen<\/a><\/p>\n","protected":false},"author":1,"featured_media":131,"parent":8,"menu_order":0,"comment_status":"closed","ping_status":"closed","template":"","meta":{"_monsterinsights_skip_tracking":false,"_monsterinsights_sitenote_active":false,"_monsterinsights_sitenote_note":"","_monsterinsights_sitenote_category":0,"footnotes":""},"class_list":["post-402","page","type-page","status-publish","has-post-thumbnail","hentry"],"_links":{"self":[{"href":"https:\/\/juraferien.ch\/index.php?rest_route=\/wp\/v2\/pages\/402","targetHints":{"allow":["GET"]}}],"collection":[{"href":"https:\/\/juraferien.ch\/index.php?rest_route=\/wp\/v2\/pages"}],"about":[{"href":"https:\/\/juraferien.ch\/index.php?rest_route=\/wp\/v2\/types\/page"}],"author":[{"embeddable":true,"href":"https:\/\/juraferien.ch\/index.php?rest_route=\/wp\/v2\/users\/1"}],"replies":[{"embeddable":true,"href":"https:\/\/juraferien.ch\/index.php?rest_route=%2Fwp%2Fv2%2Fcomments&post=402"}],"version-history":[{"count":20,"href":"https:\/\/juraferien.ch\/index.php?rest_route=\/wp\/v2\/pages\/402\/revisions"}],"predecessor-version":[{"id":1902,"href":"https:\/\/juraferien.ch\/index.php?rest_route=\/wp\/v2\/pages\/402\/revisions\/1902"}],"up":[{"embeddable":true,"href":"https:\/\/juraferien.ch\/index.php?rest_route=\/wp\/v2\/pages\/8"}],"wp:featuredmedia":[{"embeddable":true,"href":"https:\/\/juraferien.ch\/index.php?rest_route=\/wp\/v2\/media\/131"}],"wp:attachment":[{"href":"https:\/\/juraferien.ch\/index.php?rest_route=%2Fwp%2Fv2%2Fmedia&parent=402"}],"curies":[{"name":"wp","href":"https:\/\/api.w.org\/{rel}","templated":true}]}}