{"id":473,"date":"2018-08-14T11:07:57","date_gmt":"2018-08-14T09:07:57","guid":{"rendered":"http:\/\/juraferien.pietra.ch\/?page_id=473"},"modified":"2023-03-31T09:12:09","modified_gmt":"2023-03-31T07:12:09","slug":"campo-dei-fiori","status":"publish","type":"page","link":"https:\/\/juraferien.ch\/?page_id=473","title":{"rendered":"Campo dei Fiori"},"content":{"rendered":"<p style=\"text-align: left;\">Von Haus aus ein &#8222;mobilehome&#8220;, ist <em><strong>Campo dei Fiori<\/strong><\/em> eine kompakte Idylle, eine richtige &#8222;Datscha&#8220;. Ruhig gelegen, oberhalb des Hofes inmitten einer alten Baumhecke. 27qm klein ist es doch massgeschneidert f\u00fcr bis zu 4 Personen: aneinander reihen sich Essplatz mit Holzofen, Schlafsofa, K\u00fcche sowie ein kleines Bad mit Dusche und WC, eine kleine Kinderschlafkoje mit Stockbett und ein Schlafzimmer mit Doppelbett (1.40m). Zusatz-WC: Komposttoilette. Im Westen eine grosse Blumenwiese ( &#8220; campo dei fiori&#8220; ) mit Feurstelle.<\/p>\n<p style=\"text-align: left;\">Und:\u00a0 Ein richtiger Kupfer-Dschakusi f\u00fcr 5 Personen&#8230;<\/p>\n<p><img loading=\"lazy\" decoding=\"async\" class=\" wp-image-542 aligncenter\" src=\"https:\/\/juraferien.ch\/wp-content\/uploads\/2018\/08\/DSC_3980-1024x683.jpg\" alt=\"\" width=\"648\" height=\"432\" srcset=\"https:\/\/juraferien.ch\/wp-content\/uploads\/2018\/08\/DSC_3980-1024x683.jpg 1024w, https:\/\/juraferien.ch\/wp-content\/uploads\/2018\/08\/DSC_3980-300x200.jpg 300w, https:\/\/juraferien.ch\/wp-content\/uploads\/2018\/08\/DSC_3980-768x512.jpg 768w\" sizes=\"auto, (max-width: 648px) 100vw, 648px\" \/><\/p>\n<p><img loading=\"lazy\" decoding=\"async\" class=\"wp-image-543 aligncenter\" style=\"font-size: 1rem;\" src=\"https:\/\/juraferien.ch\/wp-content\/uploads\/2018\/08\/DSC_3984-e1534842888876-683x1024.jpg\" alt=\"\" width=\"459\" height=\"688\" srcset=\"https:\/\/juraferien.ch\/wp-content\/uploads\/2018\/08\/DSC_3984-e1534842888876-683x1024.jpg 683w, https:\/\/juraferien.ch\/wp-content\/uploads\/2018\/08\/DSC_3984-e1534842888876-200x300.jpg 200w, https:\/\/juraferien.ch\/wp-content\/uploads\/2018\/08\/DSC_3984-e1534842888876-768x1151.jpg 768w\" sizes=\"auto, (max-width: 459px) 100vw, 459px\" \/><\/p>\n\n\n<figure class=\"wp-block-image\"><img loading=\"lazy\" decoding=\"async\" width=\"1024\" height=\"576\" src=\"https:\/\/www.juraferien.ch\/wp-content\/uploads\/2019\/09\/20190522_1523461-1024x576.jpg\" alt=\"\" class=\"wp-image-1071\" srcset=\"https:\/\/juraferien.ch\/wp-content\/uploads\/2019\/09\/20190522_1523461-1024x576.jpg 1024w, https:\/\/juraferien.ch\/wp-content\/uploads\/2019\/09\/20190522_1523461-300x169.jpg 300w, https:\/\/juraferien.ch\/wp-content\/uploads\/2019\/09\/20190522_1523461-768x432.jpg 768w\" sizes=\"auto, (max-width: 767px) 89vw, (max-width: 1000px) 54vw, (max-width: 1071px) 543px, 580px\" \/><figcaption class=\"wp-element-caption\">Datschen-Romantik:  mit Jotul-Holzofen f\u00fcr kalte Tage<\/figcaption><\/figure>\n\n\n\n<figure class=\"wp-block-image\"><img loading=\"lazy\" decoding=\"async\" width=\"1024\" height=\"576\" src=\"https:\/\/www.juraferien.ch\/wp-content\/uploads\/2019\/09\/20190522_1524221-1024x576.jpg\" alt=\"\" class=\"wp-image-1072\" srcset=\"https:\/\/juraferien.ch\/wp-content\/uploads\/2019\/09\/20190522_1524221-1024x576.jpg 1024w, https:\/\/juraferien.ch\/wp-content\/uploads\/2019\/09\/20190522_1524221-300x169.jpg 300w, https:\/\/juraferien.ch\/wp-content\/uploads\/2019\/09\/20190522_1524221-768x432.jpg 768w\" sizes=\"auto, (max-width: 767px) 89vw, (max-width: 1000px) 54vw, (max-width: 1071px) 543px, 580px\" \/><figcaption class=\"wp-element-caption\">kompakte K\u00fcche mit Gasherd, Backofen, K\u00fchlschrank, Sp\u00fcle<\/figcaption><\/figure>\n\n\n\n<figure class=\"wp-block-image\"><img loading=\"lazy\" decoding=\"async\" width=\"1024\" height=\"768\" src=\"https:\/\/juraferien.ch\/wp-content\/uploads\/2017\/10\/stoneh-012-1024x768.jpg\" alt=\"\" class=\"wp-image-42\" srcset=\"https:\/\/juraferien.ch\/wp-content\/uploads\/2017\/10\/stoneh-012-1024x768.jpg 1024w, https:\/\/juraferien.ch\/wp-content\/uploads\/2017\/10\/stoneh-012-300x225.jpg 300w, https:\/\/juraferien.ch\/wp-content\/uploads\/2017\/10\/stoneh-012-768x576.jpg 768w\" sizes=\"auto, (max-width: 767px) 89vw, (max-width: 1000px) 54vw, (max-width: 1071px) 543px, 580px\" \/><figcaption class=\"wp-element-caption\">150m  oberhalb von Campo dei Fiori: der Steinkreis<\/figcaption><\/figure>\n\n\n\n<figure class=\"wp-block-image is-resized\"><img loading=\"lazy\" decoding=\"async\" src=\"https:\/\/juraferien.ch\/wp-content\/uploads\/2019\/01\/Giordano_Bruno_in_Campo_de_fiori-1.jpg\" alt=\"\" class=\"wp-image-749\" width=\"670\" height=\"495\" srcset=\"https:\/\/juraferien.ch\/wp-content\/uploads\/2019\/01\/Giordano_Bruno_in_Campo_de_fiori-1.jpg 800w, https:\/\/juraferien.ch\/wp-content\/uploads\/2019\/01\/Giordano_Bruno_in_Campo_de_fiori-1-300x222.jpg 300w, https:\/\/juraferien.ch\/wp-content\/uploads\/2019\/01\/Giordano_Bruno_in_Campo_de_fiori-1-768x568.jpg 768w\" sizes=\"auto, (max-width: 670px) 100vw, 670px\" \/><figcaption class=\"wp-element-caption\">                            Campo dei Fiori, Rom: <strong>Giordano Bruno <\/strong> &#8211;<br><br><a href=\"http:\/\/ http:\/\/anthroposophie.byu.edu\/vortraege\/060_10.pdf\"> Die Dinge der Natur sind die Schatten  der  g\u00f6ttlichen  Ideen;  und  unsere  Vorstellungen  sind  die Schatten der g\u00f6ttlichen Gedanken! <\/a> <br><br>                 <\/figcaption><\/figure>\n\n\n\n<figure class=\"wp-block-image is-resized\"><img loading=\"lazy\" decoding=\"async\" src=\"https:\/\/www.juraferien.ch\/wp-content\/uploads\/2019\/10\/IMG_0422-1-1024x768.jpg\" alt=\"\" class=\"wp-image-1088\" width=\"815\" height=\"611\" srcset=\"https:\/\/juraferien.ch\/wp-content\/uploads\/2019\/10\/IMG_0422-1-1024x768.jpg 1024w, https:\/\/juraferien.ch\/wp-content\/uploads\/2019\/10\/IMG_0422-1-300x225.jpg 300w, https:\/\/juraferien.ch\/wp-content\/uploads\/2019\/10\/IMG_0422-1-768x576.jpg 768w\" sizes=\"auto, (max-width: 767px) 89vw, (max-width: 1000px) 54vw, (max-width: 1071px) 543px, 580px\" \/><figcaption class=\"wp-element-caption\">Ja: Eintauchen !   &#8211;  neben dem H\u00e4uschen steht ein Dschakusi (hotpot): in der 1100Liter-Kupferwanne haben 5 Leute gut Platz. Das Holz zur Befeuerung des Kessels wird in den umliegenden W\u00e4ldern gesammelt.<\/figcaption><\/figure>\n","protected":false},"excerpt":{"rendered":"<p>Von Haus aus ein &#8222;mobilehome&#8220;, ist Campo dei Fiori eine kompakte Idylle, eine richtige &#8222;Datscha&#8220;. Ruhig gelegen, oberhalb des Hofes inmitten einer alten Baumhecke. 27qm klein ist es doch massgeschneidert f\u00fcr bis zu 4 Personen: aneinander reihen sich Essplatz mit Holzofen, Schlafsofa, K\u00fcche sowie ein kleines Bad mit Dusche und WC, eine kleine Kinderschlafkoje mit &hellip; <\/p>\n<p class=\"link-more\"><a href=\"https:\/\/juraferien.ch\/?page_id=473\" class=\"more-link\"><span class=\"screen-reader-text\">\u201eCampo dei Fiori\u201c<\/span> weiterlesen<\/a><\/p>\n","protected":false},"author":1,"featured_media":0,"parent":8,"menu_order":0,"comment_status":"closed","ping_status":"closed","template":"","meta":{"_monsterinsights_skip_tracking":false,"_monsterinsights_sitenote_active":false,"_monsterinsights_sitenote_note":"","_monsterinsights_sitenote_category":0,"footnotes":""},"class_list":["post-473","page","type-page","status-publish","hentry"],"_links":{"self":[{"href":"https:\/\/juraferien.ch\/index.php?rest_route=\/wp\/v2\/pages\/473","targetHints":{"allow":["GET"]}}],"collection":[{"href":"https:\/\/juraferien.ch\/index.php?rest_route=\/wp\/v2\/pages"}],"about":[{"href":"https:\/\/juraferien.ch\/index.php?rest_route=\/wp\/v2\/types\/page"}],"author":[{"embeddable":true,"href":"https:\/\/juraferien.ch\/index.php?rest_route=\/wp\/v2\/users\/1"}],"replies":[{"embeddable":true,"href":"https:\/\/juraferien.ch\/index.php?rest_route=%2Fwp%2Fv2%2Fcomments&post=473"}],"version-history":[{"count":23,"href":"https:\/\/juraferien.ch\/index.php?rest_route=\/wp\/v2\/pages\/473\/revisions"}],"predecessor-version":[{"id":1845,"href":"https:\/\/juraferien.ch\/index.php?rest_route=\/wp\/v2\/pages\/473\/revisions\/1845"}],"up":[{"embeddable":true,"href":"https:\/\/juraferien.ch\/index.php?rest_route=\/wp\/v2\/pages\/8"}],"wp:attachment":[{"href":"https:\/\/juraferien.ch\/index.php?rest_route=%2Fwp%2Fv2%2Fmedia&parent=473"}],"curies":[{"name":"wp","href":"https:\/\/api.w.org\/{rel}","templated":true}]}}