{"id":8,"date":"2017-10-18T10:37:30","date_gmt":"2017-10-18T08:37:30","guid":{"rendered":"http:\/\/juraferien.pietra.ch\/?page_id=8"},"modified":"2024-04-21T18:37:38","modified_gmt":"2024-04-21T16:37:38","slug":"home","status":"publish","type":"page","link":"https:\/\/juraferien.ch\/","title":{"rendered":"Heimelig !"},"content":{"rendered":"<figure id=\"attachment_34\" aria-describedby=\"caption-attachment-34\" style=\"width: 904px\" class=\"wp-caption aligncenter\"><img loading=\"lazy\" decoding=\"async\" class=\"wp-image-34\" src=\"https:\/\/www.juraferien.ch\/wp-content\/uploads\/2017\/10\/DJI_0224.jpg\" alt=\"\" width=\"904\" height=\"508\" \/><figcaption id=\"caption-attachment-34\" class=\"wp-caption-text\">Vogelschau<\/figcaption><\/figure>\n<ul>\n<li>Kamo ist <strong>eine &#8222;Lichtinsel&#8220;, ein &#8222;Lebensraum&#8220; &#8211; <\/strong>Kulturoase und b\u00e4uerliche Siedlung. Letzteres nicht im Sinn eines Produktions-Standortes, sondern einer Lebenshaltung, etwas &#8218;Himmel und Erde&#8216; zugleich. \u00a0 &#8211; Lebenshaltung? Was ist das? Ganz kurz: Insofern im menschlichen Tun und Denken die Natur ihre Fortsetzung findet (Denken\/Tun sind Keimpunkt alles Neuen) bedeutet Kamo nicht nur &#8222;retour \u00e0 la nature&#8220;, sondern vorw\u00e4rts zu einer &#8222;geistig durchkrafteten&#8220; Natur. Das ist m e h r\u00a0 als eine technisch &#8218;beherrschte&#8216; Natur..) Das Kamo-Gel\u00e4nde ist parkartig, ein gro\u00dfer Garten der Wandlung, eine &#8222;Augenweide&#8220;. (Zu dieser Grundausrichtung vgl. die Menupunkte &#8222;<a href=\"https:\/\/www.juraferien.ch\/?page_id=412\" target=\"_blank\" rel=\"noopener noreferrer\">Neuland<\/a>&#8220; und SAQ)<\/li>\n<li>\u00a0<\/li>\n<li>F\u00fcr Urlaub, Entspannen und Erholung gibt es auf Kamo einige sch\u00f6n gestaltete Unterk\u00fcnfte. \u00a0<a href=\"https:\/\/www.google.com\/maps\/d\/u\/0\/edit?mid=1gxtTn9dDHc73rpkRFFgWGpt2bN0&amp;ll=47.29271496653482%2C6.53733729999999&amp;z=14\" target=\"_blank\" rel=\"noopener noreferrer\">\u00a0Diese sind <strong>\u00fcber das Men\u00fc einsehbar<\/strong>:\u00a0 die Umgebung, die verschiedenen H\u00e4user, H\u00fctten, Wohnungen &#8211; wie schaut das aus ? hier geht&#8217;s auf eine Karten\u00fcbersicht, es \u00f6ffnet sich ein Situationsplan der Umgebung.<\/a><\/li>\n<li>Hier die gleiche Ansicht etwas n\u00e4her, mit der <a href=\"https:\/\/www.google.com\/maps\/d\/u\/0\/edit?mid=1gxtTn9dDHc73rpkRFFgWGpt2bN0&amp;ll=47.290773819888514%2C6.536234912094869&amp;z=19\" target=\"_blank\" rel=\"noopener noreferrer\">Lokalisierung der verschiedenen Unterk\u00fcnfte<\/a>.\u00a0 Diese unterscheiden sich nicht nur durch die &#8222;Stufen des Komforts&#8220;.<\/li>\n<li>Alle Behausungen sind mit K\u00fcche bzw. Kochgelegenheit ausger\u00fcstet. Man verpflegt sich also selber.<\/li>\n<li>Nota bene: auf dem Gel\u00e4nde gibt es\u00a0 k e i n e n\u00a0 Durchgangsverkehr, und: keinen Medienl\u00e4rm ! &#8222;Dominant&#8220; sind die Ger\u00e4usche der Natur, des Hoflebens, nachts- absolute Stille, manchmal das Schreien der K\u00e4uze (welche?), das Flattern der Hof Eule&#8230;<\/li>\n<li>\u00a0Kamo ist\u00a0 k e i n\u00a0 Holiday-Resort, schon gar nicht eines der 5 Sterne-Klasse. Die Unterk\u00fcnfte sind einfach, keine Smart-Homes.. <strong>Die Sterne stehen nicht \u00fcber dem Hoteleingang, sondern am Himmel<\/strong>. Welch ein Luxus ! (- das Gel\u00e4nde ist fast immer nebelfrei.) Soll man&#8217;s <strong>Tourismus nennen?\u00a0<\/strong> hmm&#8230;\u00a0\u00a0 &#8211; eher schon: <strong><em>&#8222;Gib dem Gast drei Tage zu essen, am vierten Tag eine Hacke in die Hand&#8220;<\/em><\/strong>(afrikanisches Sprichwort)<\/li>\n<li>Das liebe Geld ? &#8211; bitte konkret nach den Preisen fragen, mit Angaben zum Zeitraum und zum Objekt.\u00a0<\/li>\n<li>Ein H\u00f6hepunkt im Jahreslauf ist z. B. die Heuernte. Wer Lust hat, macht irgendwie\/irgendwo mit. Im Stall (K\u00fche, Pferde, Rinder, H\u00fchner, G\u00e4nse, Ziegen.. .) , auf den Feldern und Weiden, in den H\u00e4usern, Wohnungen, im Garten, auch im Wald, auch beim Reparieren, Bauen, Ausbessern&#8230; &#8211;\u00a0 \u00a0 das Bild hier zeigt die Heuernte:<\/li>\n<li><img loading=\"lazy\" decoding=\"async\" class=\" wp-image-139 aligncenter\" src=\"https:\/\/www.juraferien.ch\/wp-content\/uploads\/2017\/10\/juli-068-300x225.jpg\" alt=\"\" width=\"383\" height=\"287\" srcset=\"https:\/\/juraferien.ch\/wp-content\/uploads\/2017\/10\/juli-068-300x225.jpg 300w, https:\/\/juraferien.ch\/wp-content\/uploads\/2017\/10\/juli-068-768x576.jpg 768w, https:\/\/juraferien.ch\/wp-content\/uploads\/2017\/10\/juli-068-1024x768.jpg 1024w\" sizes=\"auto, (max-width: 383px) 100vw, 383px\" \/><\/li>\n<li>(Eine vielleicht \u00fcberfl\u00fcssige Warnung: die Fotos sind bei Sonnenschein gemacht, manchmal &#8211; st\u00fcrmt es, regnet&#8217;s..)<\/li>\n<li>Die G\u00e4ste sind gebeten, Bett<em>w\u00e4sche<\/em> (nicht Bettzeug) od. Schlafs\u00e4cke selber mitzubringen, auch T\u00fccher f\u00fcr K\u00fcche\/Bad.<\/li>\n<li>Ebenfalls mitbringen sollte man Musikinstrumente!<\/li>\n<li><img loading=\"lazy\" decoding=\"async\" class=\"alignnone size-medium wp-image-1716\" src=\"https:\/\/juraferien.ch\/wp-content\/uploads\/2022\/08\/IMG_20220818_132814-300x225.jpg\" alt=\"\" width=\"300\" height=\"225\" srcset=\"https:\/\/juraferien.ch\/wp-content\/uploads\/2022\/08\/IMG_20220818_132814-300x225.jpg 300w, https:\/\/juraferien.ch\/wp-content\/uploads\/2022\/08\/IMG_20220818_132814-1024x768.jpg 1024w, https:\/\/juraferien.ch\/wp-content\/uploads\/2022\/08\/IMG_20220818_132814-768x576.jpg 768w, https:\/\/juraferien.ch\/wp-content\/uploads\/2022\/08\/IMG_20220818_132814-1536x1152.jpg 1536w, https:\/\/juraferien.ch\/wp-content\/uploads\/2022\/08\/IMG_20220818_132814-2048x1536.jpg 2048w\" sizes=\"auto, (max-width: 300px) 100vw, 300px\" \/><\/li>\n<li>Nebst festen Unterk\u00fcnften gibt es auch die Variante <a href=\"https:\/\/www.juraferien.ch\/?page_id=208\">Naturcamping<\/a>. Eigene Feuerstellen d\u00fcrfen angelegt werden, m\u00fcssen bei der Abreise aber r\u00fcckgebaut werden. (Fallholz sammeln in den W\u00e4ldern ringsum, nicht unsern Winter-Brennholzvorrat wegfeuern..) F\u00fcr die Camper gibt&#8217;s Solarduschen und Trocken &#8211; Toiletten im Gel\u00e4nde. Stromanschl\u00fcsse wie auf Campingpl\u00e4tzen \u00fcblich gibt es keine.<\/li>\n<li>&#8222;Endreinigung&#8220; ?\u00a0 &#8211;\u00a0 \u00a0 W e r\u00a0 putzt eigentlich all diese Unterk\u00fcnfte\u00a0 ?\u00a0 &#8211; Hiob&#8217;s Antwort:\u00a0 wenn nicht ausdr\u00fccklich anders vereinbart, wird die Endreinigung von den G\u00e4sten besorgt.\u00a0 Es gibt\u00a0 k e i n\u00a0 &#8222;Putzpersonal&#8220;.. Bitte also bei der Abreise: kein Z\u00e2hneknirschen!<\/li>\n<li><img loading=\"lazy\" decoding=\"async\" class=\"alignnone  wp-image-1564\" src=\"https:\/\/www.juraferien.ch\/wp-content\/uploads\/2021\/09\/unfall.jpg\" alt=\"\" width=\"500\" height=\"470\" srcset=\"https:\/\/juraferien.ch\/wp-content\/uploads\/2021\/09\/unfall.jpg 776w, https:\/\/juraferien.ch\/wp-content\/uploads\/2021\/09\/unfall-300x282.jpg 300w, https:\/\/juraferien.ch\/wp-content\/uploads\/2021\/09\/unfall-768x722.jpg 768w\" sizes=\"auto, (max-width: 500px) 100vw, 500px\" \/><\/li>\n<li>Schutzengel und\/oder Juristenlogik? Kleingedrucktes? <strong>\u00a71: Es gilt ernst<\/strong> &#8211; f\u00fcr das Tun undTreiben der Kinder sind ausschlie\u00dflich deren Eltern verantwortlich. Nat\u00fcrlich gibt es Gefahrenquellen aller Art, insbesondere was den Umgang mit Tieren, das Verhalten in den Unterk\u00fcnften (Holz\u00f6fen, Feuer&#8230;) , im Freien, Gebrauch von Spielzeugen, Ger\u00e4ten, Maschinen, Fahrzeugen, etc etc betrifft. Deshalb hier diese ausdr\u00fcckliche Verantwortungs-Ausschlie\u00dfung. Selbstverst\u00e4ndlich betrifft dies auch die Erwachsenen. R\u00fcckfragen von Dritten (Versicherungen, Advokaten, etc.) sind zwecklos. Wer auf Kamo Urlaub machen will, erkl\u00e4rt sich<em> mit diesem umfassenden<\/em> <strong>Haftungsausschluss<\/strong> einverstanden. Die Unterk\u00fcnfte und deren Umgebung entsprechen in mancherlei Hinsicht <em>nicht<\/em> heutigen Anspr\u00fcchen. <strong>Es gilt volle Eigenverantwortung. (<\/strong>Besucher und G\u00e4ste m\u00fcssen sich der Tragweite dieser Regelung bewusst sein. Wer hier trotz verst\u00e4ndlicher Bedenken Urlaub macht, handelt &#8222;grobfahrl\u00e4ssig&#8220;.)<\/li>\n<li><strong>No Waste<\/strong> ??\u00a0 das Problem mit dem M\u00fcll, eine triviale und peinliche Sache, fast nicht zu verkraften&#8230; Organischer Abfall bitte direkt auf den Komposthaufen. Ansonsten gilt die Regel: <span style=\"color: #0000ff;\"><strong>eine M\u00fcllt\u00fcte<\/strong><\/span> pro Familie\/Woche m u s s\u00a0 reichen, mehr schafft der Container nicht, die M\u00fcllabfuhr l\u00e4sst alles liegen, gnadenlos. . &#8211; ( Leere Flaschen\/Glas: bitte selber im Ort Sancey entsorgen.)<\/li>\n<li>\u00a0<\/li>\n<li><img loading=\"lazy\" decoding=\"async\" class=\"size-full wp-image-130\" src=\"https:\/\/www.juraferien.ch\/wp-content\/uploads\/2017\/10\/juli-043c.jpg\" alt=\"\" width=\"708\" height=\"481\" srcset=\"https:\/\/juraferien.ch\/wp-content\/uploads\/2017\/10\/juli-043c.jpg 708w, https:\/\/juraferien.ch\/wp-content\/uploads\/2017\/10\/juli-043c-300x204.jpg 300w\" sizes=\"auto, (max-width: 708px) 100vw, 708px\" \/><\/li>\n<li>selber Pizza backen ?\u00a0 ja, im hofeigenen Holzbackofen\u00a0 (siehe auch das Bild weiter unten) Gefeuert wird der &#8222;Fournil&#8220;\u00a0 mit Fallholz aus den umliegenden W\u00e4ldern. Neben dem Pizzaofen befindet sich das &#8222;Pentagon&#8220;, ein ger\u00e4umiges (5seitiges) Sonnen&#8211;u. Regendach mit zentraler Feuerstelle, das &#8222;Forum&#8220;.<\/li>\n<\/ul>\n<p><!--more--><\/p>\n\n\n<figure class=\"wp-block-image size-large\"><img loading=\"lazy\" decoding=\"async\" width=\"1024\" height=\"768\" src=\"https:\/\/www.juraferien.ch\/wp-content\/uploads\/2021\/09\/IMG_20210921_161044-1-1024x768.jpg\" alt=\"\" class=\"wp-image-1610\" srcset=\"https:\/\/juraferien.ch\/wp-content\/uploads\/2021\/09\/IMG_20210921_161044-1-1024x768.jpg 1024w, https:\/\/juraferien.ch\/wp-content\/uploads\/2021\/09\/IMG_20210921_161044-1-300x225.jpg 300w, https:\/\/juraferien.ch\/wp-content\/uploads\/2021\/09\/IMG_20210921_161044-1-768x576.jpg 768w, https:\/\/juraferien.ch\/wp-content\/uploads\/2021\/09\/IMG_20210921_161044-1-1536x1152.jpg 1536w, https:\/\/juraferien.ch\/wp-content\/uploads\/2021\/09\/IMG_20210921_161044-1-2048x1536.jpg 2048w\" sizes=\"auto, (max-width: 767px) 89vw, (max-width: 1000px) 54vw, (max-width: 1071px) 543px, 580px\" \/><figcaption class=\"wp-element-caption\">Eigenbau: wieviel Mut braucht&#8217;s doch, Neues zu schaffen.. <\/figcaption><\/figure>\n\n\n\n<figure class=\"wp-block-image is-resized\"><img loading=\"lazy\" decoding=\"async\" width=\"472\" height=\"315\" src=\"https:\/\/juraferien.ch\/wp-content\/uploads\/2017\/10\/pentagon-nachts.jpg\" alt=\"\" class=\"wp-image-142\" style=\"width:626px;height:418px\" srcset=\"https:\/\/juraferien.ch\/wp-content\/uploads\/2017\/10\/pentagon-nachts.jpg 472w, https:\/\/juraferien.ch\/wp-content\/uploads\/2017\/10\/pentagon-nachts-300x200.jpg 300w\" sizes=\"auto, (max-width: 472px) 100vw, 472px\" \/><figcaption class=\"wp-element-caption\">Das 5seitige &#8222;Forum&#8220; &#8211; Manche bringen Musikinstrumente mit.   Und in jeder zweiten Unterkunft steht ein Klavier:<br><\/figcaption><\/figure>\n\n\n\n<figure class=\"wp-block-image size-large\"><img loading=\"lazy\" decoding=\"async\" width=\"767\" height=\"1024\" src=\"https:\/\/www.juraferien.ch\/wp-content\/uploads\/2021\/10\/IMG_20211018_211331_726-767x1024.jpg\" alt=\"\" class=\"wp-image-1642\" srcset=\"https:\/\/juraferien.ch\/wp-content\/uploads\/2021\/10\/IMG_20211018_211331_726-767x1024.jpg 767w, https:\/\/juraferien.ch\/wp-content\/uploads\/2021\/10\/IMG_20211018_211331_726-225x300.jpg 225w, https:\/\/juraferien.ch\/wp-content\/uploads\/2021\/10\/IMG_20211018_211331_726-768x1025.jpg 768w, https:\/\/juraferien.ch\/wp-content\/uploads\/2021\/10\/IMG_20211018_211331_726.jpg 959w\" sizes=\"auto, (max-width: 767px) 89vw, (max-width: 1000px) 54vw, (max-width: 1071px) 543px, 580px\" \/><figcaption class=\"wp-element-caption\">Kuhherde.. die Leitkuh hei\u00dft Jeannine <\/figcaption><\/figure>\n\n\n\n<figure class=\"wp-block-image\"><img loading=\"lazy\" decoding=\"async\" width=\"1024\" height=\"683\" src=\"https:\/\/www.juraferien.ch\/wp-content\/uploads\/2018\/08\/DSC_3867-1024x683.jpg\" alt=\"\" class=\"wp-image-525\" srcset=\"https:\/\/juraferien.ch\/wp-content\/uploads\/2018\/08\/DSC_3867-1024x683.jpg 1024w, https:\/\/juraferien.ch\/wp-content\/uploads\/2018\/08\/DSC_3867-300x200.jpg 300w, https:\/\/juraferien.ch\/wp-content\/uploads\/2018\/08\/DSC_3867-768x512.jpg 768w\" sizes=\"auto, (max-width: 767px) 89vw, (max-width: 1000px) 54vw, (max-width: 1071px) 543px, 580px\" \/><figcaption class=\"wp-element-caption\">&#8230;und ein bisschen spie\u00dfig darf&#8217;s auch sein: Atelierhaus I (Wohnung Ostseite)&#8230;.<\/figcaption><\/figure>\n\n\n\n<figure class=\"wp-block-image\"><img loading=\"lazy\" decoding=\"async\" width=\"1024\" height=\"601\" src=\"https:\/\/juraferien.ch\/wp-content\/uploads\/2017\/10\/heuhaus-etc-046-e1534847649381-1024x601.jpg\" alt=\"\" class=\"wp-image-112\" srcset=\"https:\/\/juraferien.ch\/wp-content\/uploads\/2017\/10\/heuhaus-etc-046-e1534847649381-1024x601.jpg 1024w, https:\/\/juraferien.ch\/wp-content\/uploads\/2017\/10\/heuhaus-etc-046-e1534847649381-300x176.jpg 300w, https:\/\/juraferien.ch\/wp-content\/uploads\/2017\/10\/heuhaus-etc-046-e1534847649381-768x451.jpg 768w\" sizes=\"auto, (max-width: 767px) 89vw, (max-width: 1000px) 54vw, (max-width: 1071px) 543px, 580px\" \/><figcaption class=\"wp-element-caption\">Oder doch lieber gleich: Naturcamping ?<\/figcaption><\/figure>\n\n\n\n<figure class=\"wp-block-image\"><img loading=\"lazy\" decoding=\"async\" width=\"1024\" height=\"683\" src=\"https:\/\/juraferien.ch\/wp-content\/uploads\/2018\/08\/DSC_3884-1024x683.jpg\" alt=\"\" class=\"wp-image-539\" srcset=\"https:\/\/juraferien.ch\/wp-content\/uploads\/2018\/08\/DSC_3884-1024x683.jpg 1024w, https:\/\/juraferien.ch\/wp-content\/uploads\/2018\/08\/DSC_3884-300x200.jpg 300w, https:\/\/juraferien.ch\/wp-content\/uploads\/2018\/08\/DSC_3884-768x512.jpg 768w\" sizes=\"auto, (max-width: 767px) 89vw, (max-width: 1000px) 54vw, (max-width: 1071px) 543px, 580px\" \/><figcaption class=\"wp-element-caption\">der Planet heisst:   KAMO !    Vorsicht, ja Vorsicht : <strong> Nichts f\u00fcr Neckermann-Kunden <\/strong>! <\/figcaption><\/figure>\n\n\n\n<figure class=\"wp-block-image\"><img loading=\"lazy\" decoding=\"async\" width=\"1024\" height=\"576\" src=\"https:\/\/juraferien.ch\/wp-content\/uploads\/2019\/05\/20190424_145515-1024x576.jpg\" alt=\"\" class=\"wp-image-928\" srcset=\"https:\/\/juraferien.ch\/wp-content\/uploads\/2019\/05\/20190424_145515-1024x576.jpg 1024w, https:\/\/juraferien.ch\/wp-content\/uploads\/2019\/05\/20190424_145515-300x169.jpg 300w, https:\/\/juraferien.ch\/wp-content\/uploads\/2019\/05\/20190424_145515-768x432.jpg 768w\" sizes=\"auto, (max-width: 767px) 89vw, (max-width: 1000px) 54vw, (max-width: 1071px) 543px, 580px\" \/><figcaption class=\"wp-element-caption\">Man will doch schlie\u00dflich auch mal was  e r l e b e n  !<\/figcaption><\/figure>\n\n\n\n<figure class=\"wp-block-image\"><img loading=\"lazy\" decoding=\"async\" width=\"1024\" height=\"576\" src=\"https:\/\/www.juraferien.ch\/wp-content\/uploads\/2019\/06\/20180728_200904-1024x576.jpg\" alt=\"\" class=\"wp-image-1029\" srcset=\"https:\/\/juraferien.ch\/wp-content\/uploads\/2019\/06\/20180728_200904-1024x576.jpg 1024w, https:\/\/juraferien.ch\/wp-content\/uploads\/2019\/06\/20180728_200904-300x169.jpg 300w, https:\/\/juraferien.ch\/wp-content\/uploads\/2019\/06\/20180728_200904-768x432.jpg 768w\" sizes=\"auto, (max-width: 767px) 89vw, (max-width: 1000px) 54vw, (max-width: 1071px) 543px, 580px\" \/><figcaption class=\"wp-element-caption\">und immer wieder Pizza  (rechts im Bild der Holzofen)<\/figcaption><\/figure>\n\n\n\n<figure class=\"wp-block-image\"><img loading=\"lazy\" decoding=\"async\" width=\"1024\" height=\"768\" src=\"https:\/\/www.juraferien.ch\/wp-content\/uploads\/2019\/07\/IMG_1973-1024x768.jpg\" alt=\"\" class=\"wp-image-1049\" srcset=\"https:\/\/juraferien.ch\/wp-content\/uploads\/2019\/07\/IMG_1973-1024x768.jpg 1024w, https:\/\/juraferien.ch\/wp-content\/uploads\/2019\/07\/IMG_1973-300x225.jpg 300w, https:\/\/juraferien.ch\/wp-content\/uploads\/2019\/07\/IMG_1973-768x576.jpg 768w\" sizes=\"auto, (max-width: 767px) 89vw, (max-width: 1000px) 54vw, (max-width: 1071px) 543px, 580px\" \/><figcaption class=\"wp-element-caption\">Ora et labora &#8211; das volle Programm: wer will, ger\u00e4t nicht nur an die Hofbibliothek, sondern auch an die Werkbank  h i n t e r  &#8222;Kamo&#8220; . (also sprach Zarathustra :  Repariere und putze! \/ Denke und singe \/ Aus dem Erdenschmutze \/ Mensch, erhebe die Dinge) In medias res !<\/figcaption><\/figure>\n\n\n\n<p>Hier &#8211; to whom it may concern &#8211; noch eine Schluss-Klammer: Schutzpatron der Siedlung Kamo ist der 1958 verstorbene Physiker\/Maler Karl Ballmer. Eine seiner Sorgen war das <strong><a rel=\"noreferrer noopener\" href=\"http:\/\/www.edition-lgc.de\" target=\"_blank\">Gespr\u00e4ch zwischen den Fakult\u00e4ten<\/a><\/strong>.<\/p>\n\n\n\n<p>Nun die letzte Schlussklammer: <\/p>\n\n\n\n<p>Dieses Gespr\u00e4ch &#8211; so es denn stattfindet &#8211; betrifft nat\u00fcrlich auch die Sicht auf von einem &#8222;Virus&#8220; betroffene Weltsituation. Virus hei\u00dft (lat.) &#8222;Gift&#8220;. Die Frage sei erlaubt: w e l c h e r Natur ist denn das Gift, das seit \u2026..<\/p>\n\n\n\n<figure class=\"wp-block-image size-large\"><img loading=\"lazy\" decoding=\"async\" width=\"612\" height=\"398\" src=\"https:\/\/www.juraferien.ch\/wp-content\/uploads\/2021\/09\/gettyimages-814653558-612x612-1.jpg\" alt=\"\" class=\"wp-image-1566\" srcset=\"https:\/\/juraferien.ch\/wp-content\/uploads\/2021\/09\/gettyimages-814653558-612x612-1.jpg 612w, https:\/\/juraferien.ch\/wp-content\/uploads\/2021\/09\/gettyimages-814653558-612x612-1-300x195.jpg 300w\" sizes=\"auto, (max-width: 612px) 100vw, 612px\" \/><\/figure>\n\n\n\n<p>&#8230;. langer Zeit ! &#8211;  die Welt pandemisch verseucht? Wie sch\u00fctzt man sich gegen sowas?<\/p>\n\n\n\n<p>  Das &#8222;Gift&#8220; ? Das ist &#8211; grob und schnell gesagt &#8211; der (falsche) Materialismus, der davon ausgeht, dass die gesamte Welt mit ihren &#8222;Menschen&#8220; nicht prinzipiell aus Geist bestehe: <strong>Geist als K\u00f6rper, und K\u00f6rper als Geist<\/strong>. Die kirchlich gepr\u00e4gte Sicht auf einen au\u00dferweltlichen, unergr\u00fcndlichen &#8222;Gott&#8220; &#8211; Projektionsfl\u00e4che klerikaler Anspr\u00fcche &#8211; wird durch diese Einsicht obsolet. Im praktischen Leben ist der jenseitige Gott zwar l\u00e4ngst dem unergr\u00fcndlichen Finanz- und Kapitalwesen gewichen, aber im akademischen Universum bildet er in Form der &#8222;Naturgesetze&#8220; unentwegt das philosophische Fundament. <\/p>\n\n\n\n<p>Ein solcher Hintergrund hat insbesondere Konsequenzen auf Erkenntnis und Selbsterkenntnis der Menschenleute, auf neue Einsichten in das Wesen von Raum, Zeit, Bewegung, Materie, etc.  Neu an diesem Blick ist vorallem die Erl\u00f6sung vom Glauben an die prinzipiell subjektivistische Natur von allem Wissen: im menschlichen Erkennen betreibt die Welt selbst ihr ureigenes &#8222;Gesch\u00e4ft&#8220; &#8211; in Form von Sinneswahrnehmung und Denkprozess, in immer individueller Gestalt, als pers\u00f6nlich gewordenes Einzelbewusstsein. Dieser Gedanke ist der Zentralinhalt der europ\u00e4ischen Geistesgeschichte.<\/p>\n\n\n\n<figure class=\"wp-block-image size-large\"><img loading=\"lazy\" decoding=\"async\" width=\"425\" height=\"1024\" src=\"https:\/\/www.juraferien.ch\/wp-content\/uploads\/2021\/10\/IMG_20211020_081914_133-425x1024.jpg\" alt=\"\" class=\"wp-image-1645\" srcset=\"https:\/\/juraferien.ch\/wp-content\/uploads\/2021\/10\/IMG_20211020_081914_133-425x1024.jpg 425w, https:\/\/juraferien.ch\/wp-content\/uploads\/2021\/10\/IMG_20211020_081914_133-124x300.jpg 124w, https:\/\/juraferien.ch\/wp-content\/uploads\/2021\/10\/IMG_20211020_081914_133.jpg 531w\" sizes=\"auto, (max-width: 425px) 100vw, 425px\" \/><figcaption class=\"wp-element-caption\">Sternhimmel \u00fcber Kamo, unten; Djakusi-Therme unterm Wolkenhimmel. \u00c7a, on oubliera jamais.. <\/figcaption><\/figure>\n\n\n\n<figure class=\"wp-block-image size-large\"><img loading=\"lazy\" decoding=\"async\" width=\"1024\" height=\"768\" src=\"https:\/\/juraferien.ch\/wp-content\/uploads\/2024\/04\/IMG_20240419_142836_1-1024x768.jpg\" alt=\"\" class=\"wp-image-1935\" srcset=\"https:\/\/juraferien.ch\/wp-content\/uploads\/2024\/04\/IMG_20240419_142836_1-1024x768.jpg 1024w, https:\/\/juraferien.ch\/wp-content\/uploads\/2024\/04\/IMG_20240419_142836_1-300x225.jpg 300w, https:\/\/juraferien.ch\/wp-content\/uploads\/2024\/04\/IMG_20240419_142836_1-768x576.jpg 768w, https:\/\/juraferien.ch\/wp-content\/uploads\/2024\/04\/IMG_20240419_142836_1-1536x1152.jpg 1536w, https:\/\/juraferien.ch\/wp-content\/uploads\/2024\/04\/IMG_20240419_142836_1-2048x1536.jpg 2048w\" sizes=\"auto, (max-width: 767px) 89vw, (max-width: 1000px) 54vw, (max-width: 1071px) 543px, 580px\" \/><\/figure>\n","protected":false},"excerpt":{"rendered":"<p>Kamo ist eine &#8222;Lichtinsel&#8220;, ein &#8222;Lebensraum&#8220; &#8211; Kulturoase und b\u00e4uerliche Siedlung. Letzteres nicht im Sinn eines Produktions-Standortes, sondern einer Lebenshaltung, etwas &#8218;Himmel und Erde&#8216; zugleich. \u00a0 &#8211; Lebenshaltung? Was ist das? Ganz kurz: Insofern im menschlichen Tun und Denken die Natur ihre Fortsetzung findet (Denken\/Tun sind Keimpunkt alles Neuen) bedeutet Kamo nicht nur &#8222;retour \u00e0 &hellip; <\/p>\n<p class=\"link-more\"><a href=\"https:\/\/juraferien.ch\/\" class=\"more-link\"><span class=\"screen-reader-text\">\u201eHeimelig !\u201c<\/span> weiterlesen<\/a><\/p>\n","protected":false},"author":1,"featured_media":545,"parent":0,"menu_order":0,"comment_status":"closed","ping_status":"closed","template":"","meta":{"_monsterinsights_skip_tracking":false,"_monsterinsights_sitenote_active":false,"_monsterinsights_sitenote_note":"","_monsterinsights_sitenote_category":0,"footnotes":""},"class_list":["post-8","page","type-page","status-publish","has-post-thumbnail","hentry"],"_links":{"self":[{"href":"https:\/\/juraferien.ch\/index.php?rest_route=\/wp\/v2\/pages\/8","targetHints":{"allow":["GET"]}}],"collection":[{"href":"https:\/\/juraferien.ch\/index.php?rest_route=\/wp\/v2\/pages"}],"about":[{"href":"https:\/\/juraferien.ch\/index.php?rest_route=\/wp\/v2\/types\/page"}],"author":[{"embeddable":true,"href":"https:\/\/juraferien.ch\/index.php?rest_route=\/wp\/v2\/users\/1"}],"replies":[{"embeddable":true,"href":"https:\/\/juraferien.ch\/index.php?rest_route=%2Fwp%2Fv2%2Fcomments&post=8"}],"version-history":[{"count":135,"href":"https:\/\/juraferien.ch\/index.php?rest_route=\/wp\/v2\/pages\/8\/revisions"}],"predecessor-version":[{"id":1937,"href":"https:\/\/juraferien.ch\/index.php?rest_route=\/wp\/v2\/pages\/8\/revisions\/1937"}],"wp:featuredmedia":[{"embeddable":true,"href":"https:\/\/juraferien.ch\/index.php?rest_route=\/wp\/v2\/media\/545"}],"wp:attachment":[{"href":"https:\/\/juraferien.ch\/index.php?rest_route=%2Fwp%2Fv2%2Fmedia&parent=8"}],"curies":[{"name":"wp","href":"https:\/\/api.w.org\/{rel}","templated":true}]}}